{"id":42081,"date":"2026-04-19T15:25:33","date_gmt":"2026-04-19T15:25:33","guid":{"rendered":"https:\/\/singuli.wpress.me\/index.php\/proizvod\/corena-s4-p-68-ulje-za-zracne-kompresore-20-l\/"},"modified":"2026-04-20T12:33:43","modified_gmt":"2026-04-20T12:33:43","slug":"corena-s4-p-68-ulje-za-zracne-kompresore-20-l","status":"publish","type":"product","link":"https:\/\/singuli.wpress.me\/index.php\/proizvod\/corena-s4-p-68-ulje-za-zracne-kompresore-20-l\/","title":{"rendered":"CORENA S4 P 68, ulje za zra\u010dne kompresore, 20\u00a0l"},"content":{"rendered":"<p>Shell Corena S4 P je vrhunsko sinteti\u010dko ulje za zra\u010dne kompresore, koje sadr\u017ei sinteti\u010dka esterska bazna ulja i posebne aditive za visoke performanse. Dizajnirano je kako bi pru\u017eilo vrhunske performanse podmazivanja klipnih zra\u010dnih kompresora \u010dije temperature ispuha prema\u0161uju 220\u00b0C pri visokim tlakovima. Ovo ulje pru\u017ea sigurno, pouzdano i u\u010dinkovito podmazivanje za produljeni servisni interval gdje ulja na mineralnoj bazi ne zadovoljavaju.<\/p>\n<p>Specifikacija: BS EN 12021; DIN 51506 VDL, ISO\/DP 6521-L-DAB &#8211; medium duty; ISO 6743-3 2003 DAB &#8211; Serve duty<\/p>\n","protected":false},"excerpt":{"rendered":"<p>Klipno ulje za zra\u010dne kompresore<br \/>\nUklju\u010duje jedinstveni sustav aditiva visokih performansi<br \/>\nPru\u017eanje najvi\u0161ih performansi podmazivanja<\/p>\n","protected":false},"featured_media":0,"template":"","meta":{"_seopress_robots_primary_cat":"","_seopress_titles_title":"","_seopress_titles_desc":"","_seopress_robots_index":"","iawp_total_views":0},"product_brand":[461],"product_cat":[243,276],"product_tag":[],"class_list":{"0":"post-42081","1":"product","2":"type-product","3":"status-publish","5":"product_brand-corena","6":"product_cat-automobili-i-motori","7":"product_cat-industrijska-i-specijalna-ulja-243","9":"first","10":"outofstock","11":"shipping-taxable","12":"purchasable","13":"product-type-simple"},"_links":{"self":[{"href":"https:\/\/singuli.wpress.me\/index.php\/wp-json\/wp\/v2\/product\/42081","targetHints":{"allow":["GET"]}}],"collection":[{"href":"https:\/\/singuli.wpress.me\/index.php\/wp-json\/wp\/v2\/product"}],"about":[{"href":"https:\/\/singuli.wpress.me\/index.php\/wp-json\/wp\/v2\/types\/product"}],"version-history":[{"count":0,"href":"https:\/\/singuli.wpress.me\/index.php\/wp-json\/wp\/v2\/product\/42081\/revisions"}],"wp:attachment":[{"href":"https:\/\/singuli.wpress.me\/index.php\/wp-json\/wp\/v2\/media?parent=42081"}],"wp:term":[{"taxonomy":"product_brand","embeddable":true,"href":"https:\/\/singuli.wpress.me\/index.php\/wp-json\/wp\/v2\/product_brand?post=42081"},{"taxonomy":"product_cat","embeddable":true,"href":"https:\/\/singuli.wpress.me\/index.php\/wp-json\/wp\/v2\/product_cat?post=42081"},{"taxonomy":"product_tag","embeddable":true,"href":"https:\/\/singuli.wpress.me\/index.php\/wp-json\/wp\/v2\/product_tag?post=42081"}],"curies":[{"name":"wp","href":"https:\/\/api.w.org\/{rel}","templated":true}]}}