{"id":42083,"date":"2026-04-19T15:25:34","date_gmt":"2026-04-19T15:25:34","guid":{"rendered":"https:\/\/singuli.wpress.me\/index.php\/proizvod\/domo-do7349h-keramicki-grijac-na-stalku\/"},"modified":"2026-04-20T12:33:43","modified_gmt":"2026-04-20T12:33:43","slug":"domo-do7349h-keramicki-grijac-na-stalku","status":"publish","type":"product","link":"https:\/\/singuli.wpress.me\/index.php\/proizvod\/domo-do7349h-keramicki-grijac-na-stalku\/","title":{"rendered":"DOMO DO7349H, kerami\u010dki grija\u010d, na stalku"},"content":{"rendered":"<p>\ufeffElegantni grija\u010d toplog zraka paraboli\u010dnog oblika s ventilatorom i kerami\u010dkim grija\u0107im elementom u\u010dinkovito zagrijava zrak i upuhuje ga u prostoriju.<br \/>\nMo\u017eete birati izme\u0111u dvije razine snage (1300 W i 2000 W). Kako biste ubrzali zagrijavanje ve\u0107e prostorije, mo\u017eete uklju\u010diti i automatsku oscilaciju, okre\u0107u\u0107i grijalicu s jedne na drugu stranu.<br \/>\nOsim \u201cTurbo\u201c opcije, koja je optimalna za brzo zagrijavanje prostorija, ventilator sadr\u017ei i \u201cEco\u201c funkciju koja \u0107e pratiti temperaturu prosotrije te ju odr\u017eavati i \u0161tediti energiju.<br \/>\nNiskom razinom buke koja je manja od 45dB, i timerom koji se pode\u0161ava \u010dak do 24h, mo\u017eete ventilator postaviti na Va\u0161u preferenciju te napustiti prostoriju.<br \/>\nZa bezbri\u017enost se brine za\u0161tita od pregrijavanja i funkciju isklju\u010divanja u slu\u010danju prevrtanja.<br \/>\nKako bi rukovanje ventilatorom bilo ugodnije, sadr\u017ei i daljinski upravlja\u010d za upravljanje svim funkcijama ure\u0111aja iz udobnosti sofe.<br \/>\nDigitalni termostat mo\u017eete namjestiti od 15 do 35 \u00b0C.<br \/>\nUnutra se nalazi filter za pra\u0161inu koji se mo\u017ee prati.<\/p>\n","protected":false},"excerpt":{"rendered":"<p>TURBO grijanje koje u\u010dinkovito raspore\u0111uje toplinu u prostoriji<br \/>\nEco funkcija za optimalno odr\u017eavanje zadane temperature<br \/>\nDigitalna upravlja\u010dka plo\u010da s tipkama na dodir<\/p>\n","protected":false},"featured_media":0,"template":"","meta":{"_seopress_robots_primary_cat":"","_seopress_titles_title":"","_seopress_titles_desc":"","_seopress_robots_index":"","iawp_total_views":0},"product_brand":[255],"product_cat":[184,160],"product_tag":[],"class_list":{"0":"post-42083","1":"product","2":"type-product","3":"status-publish","5":"product_brand-domo","6":"product_cat-kvaliteta-zraka-i-grijanje","7":"product_cat-mali-kucanski-aparati","9":"first","10":"instock","11":"shipping-taxable","12":"purchasable","13":"product-type-simple"},"_links":{"self":[{"href":"https:\/\/singuli.wpress.me\/index.php\/wp-json\/wp\/v2\/product\/42083","targetHints":{"allow":["GET"]}}],"collection":[{"href":"https:\/\/singuli.wpress.me\/index.php\/wp-json\/wp\/v2\/product"}],"about":[{"href":"https:\/\/singuli.wpress.me\/index.php\/wp-json\/wp\/v2\/types\/product"}],"version-history":[{"count":0,"href":"https:\/\/singuli.wpress.me\/index.php\/wp-json\/wp\/v2\/product\/42083\/revisions"}],"wp:attachment":[{"href":"https:\/\/singuli.wpress.me\/index.php\/wp-json\/wp\/v2\/media?parent=42083"}],"wp:term":[{"taxonomy":"product_brand","embeddable":true,"href":"https:\/\/singuli.wpress.me\/index.php\/wp-json\/wp\/v2\/product_brand?post=42083"},{"taxonomy":"product_cat","embeddable":true,"href":"https:\/\/singuli.wpress.me\/index.php\/wp-json\/wp\/v2\/product_cat?post=42083"},{"taxonomy":"product_tag","embeddable":true,"href":"https:\/\/singuli.wpress.me\/index.php\/wp-json\/wp\/v2\/product_tag?post=42083"}],"curies":[{"name":"wp","href":"https:\/\/api.w.org\/{rel}","templated":true}]}}