{"id":42084,"date":"2026-04-19T15:25:35","date_gmt":"2026-04-19T15:25:35","guid":{"rendered":"https:\/\/singuli.wpress.me\/index.php\/proizvod\/refrigeration-s4-fr-f-68-kompresorsko-ulje-20-l\/"},"modified":"2026-04-20T12:33:43","modified_gmt":"2026-04-20T12:33:43","slug":"refrigeration-s4-fr-f-68-kompresorsko-ulje-20-l","status":"publish","type":"product","link":"https:\/\/singuli.wpress.me\/index.php\/proizvod\/refrigeration-s4-fr-f-68-kompresorsko-ulje-20-l\/","title":{"rendered":"REFRIGERATION S4 FR-F 68, Kompresorsko ulje, 20\u00a0l"},"content":{"rendered":"<p>Sinteti\u010dka ulja za rashladne kompresore na bazi poliol-ester baznog ulja. Razvijena su za uporabu sa R134a i drugim HFC rashladnimsredstvima. Posjeduje izvrsnu temperaturnu i oksidacijsku otpornost uz mogu\u0107nost duljeg servisnog intervala. Dizajnirana su kako bi smanjila tro\u0161enje le\u017eajeva i klipova. Preporu\u010duje se za uporabu u otvorenim, poluotvorenim i hermeti\u010dki zatvorenim kompresorima u doma\u0107instvu i komercijalnim industrijskim rashladnim sustavima. Mo\u017ee se upotrijebiti u rotacijskim i klipnim tipovima kompresora. <\/p>\n<p><span style=\"font-weight: bold\">Specifikacija:<\/span> DIN 51503 KD<\/p>\n","protected":false},"excerpt":{"rendered":"<p>Kompresorsko ulje za podmazivanje rashladnih kompresora<br \/>\nOksidacijska stabilnost<br \/>\nDizajnirana su kako bi smanjila  tro\u0161enje le\u017eajeva i klipova<\/p>\n","protected":false},"featured_media":0,"template":"","meta":{"_seopress_robots_primary_cat":"","_seopress_titles_title":"","_seopress_titles_desc":"","_seopress_robots_index":"","iawp_total_views":0},"product_brand":[830],"product_cat":[243,315],"product_tag":[],"class_list":{"0":"post-42084","1":"product","2":"type-product","3":"status-publish","5":"product_brand-refrigeration","6":"product_cat-automobili-i-motori","7":"product_cat-rashladne-tekucine-243","9":"first","10":"outofstock","11":"shipping-taxable","12":"purchasable","13":"product-type-simple"},"_links":{"self":[{"href":"https:\/\/singuli.wpress.me\/index.php\/wp-json\/wp\/v2\/product\/42084","targetHints":{"allow":["GET"]}}],"collection":[{"href":"https:\/\/singuli.wpress.me\/index.php\/wp-json\/wp\/v2\/product"}],"about":[{"href":"https:\/\/singuli.wpress.me\/index.php\/wp-json\/wp\/v2\/types\/product"}],"version-history":[{"count":0,"href":"https:\/\/singuli.wpress.me\/index.php\/wp-json\/wp\/v2\/product\/42084\/revisions"}],"wp:attachment":[{"href":"https:\/\/singuli.wpress.me\/index.php\/wp-json\/wp\/v2\/media?parent=42084"}],"wp:term":[{"taxonomy":"product_brand","embeddable":true,"href":"https:\/\/singuli.wpress.me\/index.php\/wp-json\/wp\/v2\/product_brand?post=42084"},{"taxonomy":"product_cat","embeddable":true,"href":"https:\/\/singuli.wpress.me\/index.php\/wp-json\/wp\/v2\/product_cat?post=42084"},{"taxonomy":"product_tag","embeddable":true,"href":"https:\/\/singuli.wpress.me\/index.php\/wp-json\/wp\/v2\/product_tag?post=42084"}],"curies":[{"name":"wp","href":"https:\/\/api.w.org\/{rel}","templated":true}]}}