{"id":42091,"date":"2026-04-19T15:25:37","date_gmt":"2026-04-19T15:25:37","guid":{"rendered":"https:\/\/singuli.wpress.me\/index.php\/proizvod\/wc-net-intense-3-effect-kruti-ulosci-za-wc-skoljku-ocean-4x34-g\/"},"modified":"2026-04-20T12:33:43","modified_gmt":"2026-04-20T12:33:43","slug":"wc-net-intense-3-effect-kruti-ulosci-za-wc-skoljku-ocean-4x34-g","status":"publish","type":"product","link":"https:\/\/singuli.wpress.me\/index.php\/proizvod\/wc-net-intense-3-effect-kruti-ulosci-za-wc-skoljku-ocean-4x34-g\/","title":{"rendered":"WC NET Intense 3 Effect, kruti ulo\u0161ci za wc \u0161koljku, Ocean, 4&#215;34 g"},"content":{"rendered":"<p>WC NET Intense 3 Effect osigurava higijenu i dugotrajan miris te sprje\u010dava nastanak kamenca.<\/p>\n","protected":false},"excerpt":{"rendered":"<p>Prevencija nastanka kamenca<br \/>\nDugotrajan miris<br \/>\nZahvaljuju\u0107i eteri\u010dnim uljima u svojoj formuli, osloba\u0111a ugodan i intenzivan miris \u010disto\u0107e<\/p>\n","protected":false},"featured_media":0,"template":"","meta":{"_seopress_robots_primary_cat":"","_seopress_titles_title":"","_seopress_titles_desc":"","_seopress_robots_index":"","iawp_total_views":0},"product_brand":[778],"product_cat":[284,238],"product_tag":[],"class_list":{"0":"post-42091","1":"product","2":"type-product","3":"status-publish","5":"product_brand-wc-net","6":"product_cat-sredstva-za-ciscenje-238","7":"product_cat-sve-za-dom","9":"first","10":"instock","11":"shipping-taxable","12":"purchasable","13":"product-type-simple"},"_links":{"self":[{"href":"https:\/\/singuli.wpress.me\/index.php\/wp-json\/wp\/v2\/product\/42091","targetHints":{"allow":["GET"]}}],"collection":[{"href":"https:\/\/singuli.wpress.me\/index.php\/wp-json\/wp\/v2\/product"}],"about":[{"href":"https:\/\/singuli.wpress.me\/index.php\/wp-json\/wp\/v2\/types\/product"}],"version-history":[{"count":0,"href":"https:\/\/singuli.wpress.me\/index.php\/wp-json\/wp\/v2\/product\/42091\/revisions"}],"wp:attachment":[{"href":"https:\/\/singuli.wpress.me\/index.php\/wp-json\/wp\/v2\/media?parent=42091"}],"wp:term":[{"taxonomy":"product_brand","embeddable":true,"href":"https:\/\/singuli.wpress.me\/index.php\/wp-json\/wp\/v2\/product_brand?post=42091"},{"taxonomy":"product_cat","embeddable":true,"href":"https:\/\/singuli.wpress.me\/index.php\/wp-json\/wp\/v2\/product_cat?post=42091"},{"taxonomy":"product_tag","embeddable":true,"href":"https:\/\/singuli.wpress.me\/index.php\/wp-json\/wp\/v2\/product_tag?post=42091"}],"curies":[{"name":"wp","href":"https:\/\/api.w.org\/{rel}","templated":true}]}}