{"id":42093,"date":"2026-04-19T15:25:37","date_gmt":"2026-04-19T15:25:37","guid":{"rendered":"https:\/\/singuli.wpress.me\/index.php\/proizvod\/games-drustvena-igra-uno-karte\/"},"modified":"2026-04-21T00:27:15","modified_gmt":"2026-04-21T00:27:15","slug":"games-drustvena-igra-uno-karte","status":"publish","type":"product","link":"https:\/\/singuli.wpress.me\/index.php\/proizvod\/games-drustvena-igra-uno-karte\/","title":{"rendered":"GAMES, dru\u0161tvena igra, Uno karte"},"content":{"rendered":"<p>Uno je klasi\u010dna igra s kartama slaganja parova, koji se sla\u017eu po boji i broju.<\/p>\n<p>Igra koju je lagano zapo\u010deti, ali te\u0161ko za ostaviti!<\/p>\n","protected":false},"excerpt":{"rendered":"<p>Klasi\u010dna igra s kartama slaganja parova<br \/>\nKarte se sla\u017eu po boji i broju<br \/>\nZabavna dru\u0161tvena igra<\/p>\n","protected":false},"featured_media":0,"template":"","meta":{"_seopress_robots_primary_cat":"","_seopress_titles_title":"","_seopress_titles_desc":"","_seopress_robots_index":"","iawp_total_views":0},"product_brand":[390],"product_cat":[290,221],"product_tag":[],"class_list":{"0":"post-42093","1":"product","2":"type-product","3":"status-publish","5":"product_brand-games","6":"product_cat-drustvene-igre-221","7":"product_cat-igracke","9":"first","10":"instock","11":"shipping-taxable","12":"purchasable","13":"product-type-simple"},"_links":{"self":[{"href":"https:\/\/singuli.wpress.me\/index.php\/wp-json\/wp\/v2\/product\/42093","targetHints":{"allow":["GET"]}}],"collection":[{"href":"https:\/\/singuli.wpress.me\/index.php\/wp-json\/wp\/v2\/product"}],"about":[{"href":"https:\/\/singuli.wpress.me\/index.php\/wp-json\/wp\/v2\/types\/product"}],"version-history":[{"count":0,"href":"https:\/\/singuli.wpress.me\/index.php\/wp-json\/wp\/v2\/product\/42093\/revisions"}],"wp:attachment":[{"href":"https:\/\/singuli.wpress.me\/index.php\/wp-json\/wp\/v2\/media?parent=42093"}],"wp:term":[{"taxonomy":"product_brand","embeddable":true,"href":"https:\/\/singuli.wpress.me\/index.php\/wp-json\/wp\/v2\/product_brand?post=42093"},{"taxonomy":"product_cat","embeddable":true,"href":"https:\/\/singuli.wpress.me\/index.php\/wp-json\/wp\/v2\/product_cat?post=42093"},{"taxonomy":"product_tag","embeddable":true,"href":"https:\/\/singuli.wpress.me\/index.php\/wp-json\/wp\/v2\/product_tag?post=42093"}],"curies":[{"name":"wp","href":"https:\/\/api.w.org\/{rel}","templated":true}]}}