{"id":42094,"date":"2026-04-19T15:25:37","date_gmt":"2026-04-19T15:25:37","guid":{"rendered":"https:\/\/singuli.wpress.me\/index.php\/proizvod\/pampers-splashers-jednokratne-pelene-za-kupanje-velicina-4-5-9-15kg-11-kom\/"},"modified":"2026-04-21T00:27:15","modified_gmt":"2026-04-21T00:27:15","slug":"pampers-splashers-jednokratne-pelene-za-kupanje-velicina-4-5-9-15kg-11-kom","status":"publish","type":"product","link":"https:\/\/singuli.wpress.me\/index.php\/proizvod\/pampers-splashers-jednokratne-pelene-za-kupanje-velicina-4-5-9-15kg-11-kom\/","title":{"rendered":"PAMPERS Splashers, jednokratne pelene za kupanje, veli\u010dina 4-5, 9-15kg, 11\u00a0kom"},"content":{"rendered":"<p>Va\u0161e se maleno sada mo\u017ee sretno br\u010dkati u jednokratnim kupa\u0107im pelenama-ga\u0107icama Pampers Splashers. <\/p>\n<p>Pampers Splashers ne kupe vodu kao obi\u010dne pelene, pa se beba u njima osje\u0107a udobno \u2013 bez obzira jesu li mokre ili suhe. <\/p>\n<p>Dvostruke trakice koje spre\u010davaju curenje tijesno prianjaju oko no\u017eica kako bi pomogle zadr\u017eati mokra\u0107u i stolicu unutar pelene te pru\u017eiti sigurnu za\u0161titu u vodi, \u0161to pelene-ga\u0107ice Splashers \u010dini idealnima za bazen, pla\u017eu, vodene parkove i sli\u010dna mjesta. <\/p>\n<p>Samo Pampers Splashers ima u potpunosti rastezljiv dio oko struka koji pristaje kao kod pravih kupa\u0107ih ga\u0107ica, pa se ove pelene-ga\u0107ice lako obla\u010de i svla\u010de \u2013 \u010dak i kada su mokre. Nadalje, lako se trgaju sa strana kako bi se olak\u0161alo brzo skidanje s manje nereda, a zahvaljuju\u0107i zanimljivim sli\u010dicama nadahnutima plivanjem koje prekrivaju cijelu pelenu izgledaju poput pravih kupa\u0107ih ga\u0107ica. Pampers Splashers u\u010dinit \u0107e vodene aktivnosti jo\u0161 zabavnijima.<\/p>\n","protected":false},"excerpt":{"rendered":"<p>Dvostruke trakice uz noge spre\u010davaju curenje<br \/>\nPristaju kao kupa\u0107e ga\u0107ice, a \u0161tite kao Pampers<br \/>\nNe bubre u vodi kao obi\u010dne pelene<\/p>\n","protected":false},"featured_media":0,"template":"","meta":{"_seopress_robots_primary_cat":"","_seopress_titles_title":"","_seopress_titles_desc":"","_seopress_robots_index":"","iawp_total_views":0},"product_brand":[444],"product_cat":[211,310],"product_tag":[],"class_list":{"0":"post-42094","1":"product","2":"type-product","3":"status-publish","5":"product_brand-pampers","6":"product_cat-njega-majke-i-djeteta","7":"product_cat-pelene-211","9":"first","10":"instock","11":"shipping-taxable","12":"purchasable","13":"product-type-simple"},"_links":{"self":[{"href":"https:\/\/singuli.wpress.me\/index.php\/wp-json\/wp\/v2\/product\/42094","targetHints":{"allow":["GET"]}}],"collection":[{"href":"https:\/\/singuli.wpress.me\/index.php\/wp-json\/wp\/v2\/product"}],"about":[{"href":"https:\/\/singuli.wpress.me\/index.php\/wp-json\/wp\/v2\/types\/product"}],"version-history":[{"count":0,"href":"https:\/\/singuli.wpress.me\/index.php\/wp-json\/wp\/v2\/product\/42094\/revisions"}],"wp:attachment":[{"href":"https:\/\/singuli.wpress.me\/index.php\/wp-json\/wp\/v2\/media?parent=42094"}],"wp:term":[{"taxonomy":"product_brand","embeddable":true,"href":"https:\/\/singuli.wpress.me\/index.php\/wp-json\/wp\/v2\/product_brand?post=42094"},{"taxonomy":"product_cat","embeddable":true,"href":"https:\/\/singuli.wpress.me\/index.php\/wp-json\/wp\/v2\/product_cat?post=42094"},{"taxonomy":"product_tag","embeddable":true,"href":"https:\/\/singuli.wpress.me\/index.php\/wp-json\/wp\/v2\/product_tag?post=42094"}],"curies":[{"name":"wp","href":"https:\/\/api.w.org\/{rel}","templated":true}]}}