{"id":42098,"date":"2026-04-19T15:25:38","date_gmt":"2026-04-19T15:25:38","guid":{"rendered":"https:\/\/singuli.wpress.me\/index.php\/proizvod\/bison-power-repair-traka-10m\/"},"modified":"2026-04-20T12:33:43","modified_gmt":"2026-04-20T12:33:43","slug":"bison-power-repair-traka-10m","status":"publish","type":"product","link":"https:\/\/singuli.wpress.me\/index.php\/proizvod\/bison-power-repair-traka-10m\/","title":{"rendered":"BISON Power Repair, traka, 10m"},"content":{"rendered":"<p>Iznimno sna\u017ena ljepljiva traka s PE premazom i iznimno sna\u017enim po\u010detnim prianjanjem za popravljanje, oja\u010davanje, brtvljenje, spajanje i za\u0161titu u unutra\u0161njim i vanjskim prostorima.<\/p>\n<p>Prikladna za popravljanje, oja\u010davanje, brtvljenje, spajanje i za\u0161titu. Iznimno sna\u017ena ljepljiva traka za univerzalnu upotrebu. Za unutarnju i vanjsku primjenu. Ve\u017ee se na mnoge sinteti\u010dke materijale (npr. PVC, ABS), staklo, metal, tekstil, drvo, kamen.<\/p>\n","protected":false},"excerpt":{"rendered":"<p>Iznimno sna\u017ena<br \/>\nOtporna na temperaturu<br \/>\nVodootporna<\/p>\n","protected":false},"featured_media":0,"template":"","meta":{"_seopress_robots_primary_cat":"","_seopress_titles_title":"","_seopress_titles_desc":"","_seopress_robots_index":"","iawp_total_views":0},"product_brand":[494],"product_cat":[264,238],"product_tag":[],"class_list":{"0":"post-42098","1":"product","2":"type-product","3":"status-publish","5":"product_brand-bison","6":"product_cat-ljepila-i-brtvila-238","7":"product_cat-sve-za-dom","9":"first","10":"instock","11":"shipping-taxable","12":"purchasable","13":"product-type-simple"},"_links":{"self":[{"href":"https:\/\/singuli.wpress.me\/index.php\/wp-json\/wp\/v2\/product\/42098","targetHints":{"allow":["GET"]}}],"collection":[{"href":"https:\/\/singuli.wpress.me\/index.php\/wp-json\/wp\/v2\/product"}],"about":[{"href":"https:\/\/singuli.wpress.me\/index.php\/wp-json\/wp\/v2\/types\/product"}],"version-history":[{"count":0,"href":"https:\/\/singuli.wpress.me\/index.php\/wp-json\/wp\/v2\/product\/42098\/revisions"}],"wp:attachment":[{"href":"https:\/\/singuli.wpress.me\/index.php\/wp-json\/wp\/v2\/media?parent=42098"}],"wp:term":[{"taxonomy":"product_brand","embeddable":true,"href":"https:\/\/singuli.wpress.me\/index.php\/wp-json\/wp\/v2\/product_brand?post=42098"},{"taxonomy":"product_cat","embeddable":true,"href":"https:\/\/singuli.wpress.me\/index.php\/wp-json\/wp\/v2\/product_cat?post=42098"},{"taxonomy":"product_tag","embeddable":true,"href":"https:\/\/singuli.wpress.me\/index.php\/wp-json\/wp\/v2\/product_tag?post=42098"}],"curies":[{"name":"wp","href":"https:\/\/api.w.org\/{rel}","templated":true}]}}