{"id":42099,"date":"2026-04-19T15:25:38","date_gmt":"2026-04-19T15:25:38","guid":{"rendered":"https:\/\/singuli.wpress.me\/index.php\/proizvod\/jar-lemon-tekuci-deterdzent-za-pranje-suda-2x750l-1500-l\/"},"modified":"2026-04-20T12:33:43","modified_gmt":"2026-04-20T12:33:43","slug":"jar-lemon-tekuci-deterdzent-za-pranje-suda-2x750l-1500-l","status":"publish","type":"product","link":"https:\/\/singuli.wpress.me\/index.php\/proizvod\/jar-lemon-tekuci-deterdzent-za-pranje-suda-2x750l-1500-l\/","title":{"rendered":"JAR Lemon, teku\u0107i deterd\u017eent za pranje su\u0111a, 2x750l, 1500\u00a0l"},"content":{"rendered":"<p>Od tanjura i \u010da\u0161a do lonaca i tava, bez obzira na izazov, Jarova mo\u0107na formula s lako\u0107om uklanja masno\u0107u.<br \/>\nSvaka kap pere mno\u0161tvo masnog posu\u0111a, \u0161tede\u0107i tako va\u0161 novac.Prednosti novog Jara:<br \/>\nZahvaljuju\u0107i svojoj mo\u0107noj formuli \u010disti mno\u0161tvo masnog posu\u0111a<br \/>\nJar je iznimno koncentriran pa je svaka kap izuzetno djelotvorna u pranju mno\u0161tva posu\u0111a<br \/>\nMno\u0161tvo aktivne sapunice, dugotrajni mjehuri\u0107i, mo\u0107no uklanjanje masno\u0107a<br \/>\nDobar izbor za svakodnevno posu\u0111e: od \u010da\u0161a do lonaca i tava<br \/>\nUgodni mirisi okru\u017euju sudoper tijekom pranja posu\u0111a<\/p>\n","protected":false},"excerpt":{"rendered":"<p>Kap izuzetno djelotvorna u pranju mno\u0161tva posu\u0111a<br \/>\nDobar izbor za svakodnevno posu\u0111e<br \/>\nMo\u0107no uklanjanje masno\u0107a<\/p>\n","protected":false},"featured_media":0,"template":"","meta":{"_seopress_robots_primary_cat":"","_seopress_titles_title":"","_seopress_titles_desc":"","_seopress_robots_index":"","iawp_total_views":0},"product_brand":[454],"product_cat":[314,238],"product_tag":[],"class_list":{"0":"post-42099","1":"product","2":"type-product","3":"status-publish","5":"product_brand-jar","6":"product_cat-pranje-posuda-238","7":"product_cat-sve-za-dom","9":"first","10":"instock","11":"shipping-taxable","12":"purchasable","13":"product-type-simple"},"_links":{"self":[{"href":"https:\/\/singuli.wpress.me\/index.php\/wp-json\/wp\/v2\/product\/42099","targetHints":{"allow":["GET"]}}],"collection":[{"href":"https:\/\/singuli.wpress.me\/index.php\/wp-json\/wp\/v2\/product"}],"about":[{"href":"https:\/\/singuli.wpress.me\/index.php\/wp-json\/wp\/v2\/types\/product"}],"version-history":[{"count":0,"href":"https:\/\/singuli.wpress.me\/index.php\/wp-json\/wp\/v2\/product\/42099\/revisions"}],"wp:attachment":[{"href":"https:\/\/singuli.wpress.me\/index.php\/wp-json\/wp\/v2\/media?parent=42099"}],"wp:term":[{"taxonomy":"product_brand","embeddable":true,"href":"https:\/\/singuli.wpress.me\/index.php\/wp-json\/wp\/v2\/product_brand?post=42099"},{"taxonomy":"product_cat","embeddable":true,"href":"https:\/\/singuli.wpress.me\/index.php\/wp-json\/wp\/v2\/product_cat?post=42099"},{"taxonomy":"product_tag","embeddable":true,"href":"https:\/\/singuli.wpress.me\/index.php\/wp-json\/wp\/v2\/product_tag?post=42099"}],"curies":[{"name":"wp","href":"https:\/\/api.w.org\/{rel}","templated":true}]}}