{"id":42106,"date":"2026-04-19T15:25:41","date_gmt":"2026-04-19T15:25:41","guid":{"rendered":"https:\/\/singuli.wpress.me\/index.php\/proizvod\/medex-apiremin-krema-50-ml\/"},"modified":"2026-04-20T12:33:43","modified_gmt":"2026-04-20T12:33:43","slug":"medex-apiremin-krema-50-ml","status":"publish","type":"product","link":"https:\/\/singuli.wpress.me\/index.php\/proizvod\/medex-apiremin-krema-50-ml\/","title":{"rendered":"MEDEX Apiremin, krema, 50\u00a0ml"},"content":{"rendered":"<p>Krema Apiremin s p\u010delinjim otrovom za prokrvljenost ko\u017ee.  P\u010delinji otrov su u ljekovite svrhe koristili jo\u0161 u davna vremena. Prvi zapisi o njegovoj uporabi se\u017eu u vrijeme starih Egip\u0107ana. Galen i Paracelsus su od njega izra\u0111ivali pripravake za ko\u017eu.<br \/>\nKrema Apiremin s p\u010delinjim otrovom omek\u0161ava povr\u0161inski dio ko\u017ee i poti\u010de njezinu prokrvljenost.<br \/>\nKrema se brzo upija i ko\u017eu ne masti.<\/p>\n<p>P\u010delinji otrov<br \/>\nP\u010delinji otrov nastaje u otrovnim \u017elijezdama p\u010dela. Njegove glavne djelatne tvari su enzimi, me\u0111u kojima je najva\u017eniji melitin.<\/p>\n<p><span style=\"font-weight: bold\">Na\u010din primjene: <\/span>Prije uporabe mjesto na koje nanosite kremu temeljito operite toplom vodom. Kremu nanesite na \u017eeljeno mjesto u debljem sloju i lagano je utrljajte. Postupak ponovite dva puta dnevno. Krema se brzo upija i ko\u017eu ne masti, zato donje rublje i odje\u0107a ostaju \u010disti. Postupak ponavljajte 5 dana zaredom, zatim slijedi 2 do 3 dana pauze.<\/p>\n<p>\u010cuvati na tamnom i hladnom mjestu pri temperaturi do 25 \u00b0C.<\/p>\n","protected":false},"excerpt":{"rendered":"<p>Pobolj\u0161ava prokrvljenost ko\u017ee i daje osje\u0107aj ugodnosti<br \/>\nSadr\u017ei 87,8 % sastojaka prirodnog porijekla<br \/>\nKrema ne sadr\u017ei parabene, parafine, silikone, polietilen glikole (PEG), dodana bojila<\/p>\n","protected":false},"featured_media":0,"template":"","meta":{"_seopress_robots_primary_cat":"","_seopress_titles_title":"","_seopress_titles_desc":"","_seopress_robots_index":"","iawp_total_views":0},"product_brand":[415],"product_cat":[268,269],"product_tag":[],"class_list":{"0":"post-42106","1":"product","2":"type-product","3":"status-publish","5":"product_brand-medex","6":"product_cat-kozmetika-2","7":"product_cat-zastita-koze-268","9":"first","10":"outofstock","11":"shipping-taxable","12":"purchasable","13":"product-type-simple"},"_links":{"self":[{"href":"https:\/\/singuli.wpress.me\/index.php\/wp-json\/wp\/v2\/product\/42106","targetHints":{"allow":["GET"]}}],"collection":[{"href":"https:\/\/singuli.wpress.me\/index.php\/wp-json\/wp\/v2\/product"}],"about":[{"href":"https:\/\/singuli.wpress.me\/index.php\/wp-json\/wp\/v2\/types\/product"}],"version-history":[{"count":0,"href":"https:\/\/singuli.wpress.me\/index.php\/wp-json\/wp\/v2\/product\/42106\/revisions"}],"wp:attachment":[{"href":"https:\/\/singuli.wpress.me\/index.php\/wp-json\/wp\/v2\/media?parent=42106"}],"wp:term":[{"taxonomy":"product_brand","embeddable":true,"href":"https:\/\/singuli.wpress.me\/index.php\/wp-json\/wp\/v2\/product_brand?post=42106"},{"taxonomy":"product_cat","embeddable":true,"href":"https:\/\/singuli.wpress.me\/index.php\/wp-json\/wp\/v2\/product_cat?post=42106"},{"taxonomy":"product_tag","embeddable":true,"href":"https:\/\/singuli.wpress.me\/index.php\/wp-json\/wp\/v2\/product_tag?post=42106"}],"curies":[{"name":"wp","href":"https:\/\/api.w.org\/{rel}","templated":true}]}}