{"id":42107,"date":"2026-04-19T15:25:41","date_gmt":"2026-04-19T15:25:41","guid":{"rendered":"https:\/\/singuli.wpress.me\/index.php\/proizvod\/bison-set-odstranjivac-plijesni-500ml-vileda-spuzvica-2\/"},"modified":"2026-04-20T12:33:43","modified_gmt":"2026-04-20T12:33:43","slug":"bison-set-odstranjivac-plijesni-500ml-vileda-spuzvica-2","status":"publish","type":"product","link":"https:\/\/singuli.wpress.me\/index.php\/proizvod\/bison-set-odstranjivac-plijesni-500ml-vileda-spuzvica-2\/","title":{"rendered":"BISON, set, odstranjiva\u010d plijesni 500ml + Vileda spu\u017evica"},"content":{"rendered":"<p>Sredstvo za uklanjanje plijesni trenuta\u010dno uni\u0161tava plijesni i alge.<\/p>\n<p>Prikladno za zidove, podove i spojeve npr. u kupaonicama, kuhinjama, podrumima, gara\u017eama itd. Tako\u0111er prikladno za vanjsku uporabu uklju\u010duju\u0107i zidove, balkone i tegle za cvije\u0107e.<\/p>\n","protected":false},"excerpt":{"rendered":"<p>Trenutno uni\u0161tava plijesan<br \/>\nSna\u017ena aktivna formula u pjeni<br \/>\nZa unutarnju i vanjsku upotrebu<\/p>\n","protected":false},"featured_media":0,"template":"","meta":{"_seopress_robots_primary_cat":"","_seopress_titles_title":"","_seopress_titles_desc":"","_seopress_robots_index":"","iawp_total_views":0},"product_brand":[494],"product_cat":[284,238],"product_tag":[],"class_list":{"0":"post-42107","1":"product","2":"type-product","3":"status-publish","5":"product_brand-bison","6":"product_cat-sredstva-za-ciscenje-238","7":"product_cat-sve-za-dom","9":"first","10":"outofstock","11":"shipping-taxable","12":"purchasable","13":"product-type-simple"},"_links":{"self":[{"href":"https:\/\/singuli.wpress.me\/index.php\/wp-json\/wp\/v2\/product\/42107","targetHints":{"allow":["GET"]}}],"collection":[{"href":"https:\/\/singuli.wpress.me\/index.php\/wp-json\/wp\/v2\/product"}],"about":[{"href":"https:\/\/singuli.wpress.me\/index.php\/wp-json\/wp\/v2\/types\/product"}],"version-history":[{"count":0,"href":"https:\/\/singuli.wpress.me\/index.php\/wp-json\/wp\/v2\/product\/42107\/revisions"}],"wp:attachment":[{"href":"https:\/\/singuli.wpress.me\/index.php\/wp-json\/wp\/v2\/media?parent=42107"}],"wp:term":[{"taxonomy":"product_brand","embeddable":true,"href":"https:\/\/singuli.wpress.me\/index.php\/wp-json\/wp\/v2\/product_brand?post=42107"},{"taxonomy":"product_cat","embeddable":true,"href":"https:\/\/singuli.wpress.me\/index.php\/wp-json\/wp\/v2\/product_cat?post=42107"},{"taxonomy":"product_tag","embeddable":true,"href":"https:\/\/singuli.wpress.me\/index.php\/wp-json\/wp\/v2\/product_tag?post=42107"}],"curies":[{"name":"wp","href":"https:\/\/api.w.org\/{rel}","templated":true}]}}