{"id":42108,"date":"2026-04-19T15:25:41","date_gmt":"2026-04-19T15:25:41","guid":{"rendered":"https:\/\/singuli.wpress.me\/index.php\/proizvod\/pantene-pro-v-ultra-strong-lak-za-kosu-250-ml\/"},"modified":"2026-04-20T12:33:43","modified_gmt":"2026-04-20T12:33:43","slug":"pantene-pro-v-ultra-strong-lak-za-kosu-250-ml","status":"publish","type":"product","link":"https:\/\/singuli.wpress.me\/index.php\/proizvod\/pantene-pro-v-ultra-strong-lak-za-kosu-250-ml\/","title":{"rendered":"PANTENE Pro-V Ultra Strong, lak za kosu, 250\u00a0ml"},"content":{"rendered":"<p>Pantene Pro-V lak za kosu Ultra Strong Hold u\u010dvr\u0161\u0107uje va\u0161u frizuru. <\/p>\n<p>Istovremeno \u0161titi va\u0161u kosu od svakodnevnih \u010dimbenika rizika poput vlage i UV zra\u010denja. <\/p>\n<p>Pru\u017ea fleksibilno u\u010dvr\u0161\u0107ivanje i ukro\u0107uje kovr\u010davost. <\/p>\n<p>PANTENE PRO-V Ultra Strong Hold lak za kosu va\u0161oj \u0107e kosi dati glatku i neljepljivu kosu.<\/p>\n","protected":false},"excerpt":{"rendered":"<p>Stupanj fiksacije 5<br \/>\nZa jednostavno kovr\u010danje<br \/>\nS uljem jojobe<\/p>\n","protected":false},"featured_media":0,"template":"","meta":{"_seopress_robots_primary_cat":"","_seopress_titles_title":"","_seopress_titles_desc":"","_seopress_robots_index":"","iawp_total_views":0},"product_brand":[411],"product_cat":[268,300],"product_tag":[],"class_list":{"0":"post-42108","1":"product","2":"type-product","3":"status-publish","5":"product_brand-pantene","6":"product_cat-kozmetika-2","7":"product_cat-njega-kose-268","9":"first","10":"instock","11":"shipping-taxable","12":"purchasable","13":"product-type-simple"},"_links":{"self":[{"href":"https:\/\/singuli.wpress.me\/index.php\/wp-json\/wp\/v2\/product\/42108","targetHints":{"allow":["GET"]}}],"collection":[{"href":"https:\/\/singuli.wpress.me\/index.php\/wp-json\/wp\/v2\/product"}],"about":[{"href":"https:\/\/singuli.wpress.me\/index.php\/wp-json\/wp\/v2\/types\/product"}],"version-history":[{"count":0,"href":"https:\/\/singuli.wpress.me\/index.php\/wp-json\/wp\/v2\/product\/42108\/revisions"}],"wp:attachment":[{"href":"https:\/\/singuli.wpress.me\/index.php\/wp-json\/wp\/v2\/media?parent=42108"}],"wp:term":[{"taxonomy":"product_brand","embeddable":true,"href":"https:\/\/singuli.wpress.me\/index.php\/wp-json\/wp\/v2\/product_brand?post=42108"},{"taxonomy":"product_cat","embeddable":true,"href":"https:\/\/singuli.wpress.me\/index.php\/wp-json\/wp\/v2\/product_cat?post=42108"},{"taxonomy":"product_tag","embeddable":true,"href":"https:\/\/singuli.wpress.me\/index.php\/wp-json\/wp\/v2\/product_tag?post=42108"}],"curies":[{"name":"wp","href":"https:\/\/api.w.org\/{rel}","templated":true}]}}