{"id":42111,"date":"2026-04-19T15:25:42","date_gmt":"2026-04-19T15:25:42","guid":{"rendered":"https:\/\/singuli.wpress.me\/index.php\/proizvod\/smac-manitoba-express-sredstvo-za-odmascivanje-i-dezinfekciju-650-ml-2\/"},"modified":"2026-04-20T12:33:43","modified_gmt":"2026-04-20T12:33:43","slug":"smac-manitoba-express-sredstvo-za-odmascivanje-i-dezinfekciju-650-ml-2","status":"publish","type":"product","link":"https:\/\/singuli.wpress.me\/index.php\/proizvod\/smac-manitoba-express-sredstvo-za-odmascivanje-i-dezinfekciju-650-ml-2\/","title":{"rendered":"SMAC Manitoba Express, sredstvo za odma\u0161\u010divanje i dezinfekciju, 650\u00a0ml"},"content":{"rendered":"<p>Smac Express Dezinficijens u spreju uklanja dubinsku prljav\u0161tinu i omogu\u0107ava dezinfekciju malih i velikih povr\u0161ina ku\u0107e uklanjanjem do 99,9% bakterija. <\/p>\n<p>Pogodan je za svakodnevno \u010di\u0161\u0107enje povr\u0161ina u kupaonici i kuhinji te za higijenu povr\u0161ina koje su u kontaktu s bebama i djecom.<\/p>\n","protected":false},"excerpt":{"rendered":"<p>Djelotvorno sredstvo za \u010di\u0161\u0107enje \u010ditavog doma<br \/>\nDezinficira povr\u0161ine i ubija 99,9 % bakterija i mikroba<br \/>\nPogodan za povr\u0161ine s pove\u0107anom koncentracijom bakterija<\/p>\n","protected":false},"featured_media":0,"template":"","meta":{"_seopress_robots_primary_cat":"","_seopress_titles_title":"","_seopress_titles_desc":"","_seopress_robots_index":"","iawp_total_views":0},"product_brand":[421],"product_cat":[284,238],"product_tag":[],"class_list":{"0":"post-42111","1":"product","2":"type-product","3":"status-publish","5":"product_brand-smac","6":"product_cat-sredstva-za-ciscenje-238","7":"product_cat-sve-za-dom","9":"first","10":"outofstock","11":"shipping-taxable","12":"purchasable","13":"product-type-simple"},"_links":{"self":[{"href":"https:\/\/singuli.wpress.me\/index.php\/wp-json\/wp\/v2\/product\/42111","targetHints":{"allow":["GET"]}}],"collection":[{"href":"https:\/\/singuli.wpress.me\/index.php\/wp-json\/wp\/v2\/product"}],"about":[{"href":"https:\/\/singuli.wpress.me\/index.php\/wp-json\/wp\/v2\/types\/product"}],"version-history":[{"count":0,"href":"https:\/\/singuli.wpress.me\/index.php\/wp-json\/wp\/v2\/product\/42111\/revisions"}],"wp:attachment":[{"href":"https:\/\/singuli.wpress.me\/index.php\/wp-json\/wp\/v2\/media?parent=42111"}],"wp:term":[{"taxonomy":"product_brand","embeddable":true,"href":"https:\/\/singuli.wpress.me\/index.php\/wp-json\/wp\/v2\/product_brand?post=42111"},{"taxonomy":"product_cat","embeddable":true,"href":"https:\/\/singuli.wpress.me\/index.php\/wp-json\/wp\/v2\/product_cat?post=42111"},{"taxonomy":"product_tag","embeddable":true,"href":"https:\/\/singuli.wpress.me\/index.php\/wp-json\/wp\/v2\/product_tag?post=42111"}],"curies":[{"name":"wp","href":"https:\/\/api.w.org\/{rel}","templated":true}]}}