{"id":42117,"date":"2026-04-19T15:25:45","date_gmt":"2026-04-19T15:25:45","guid":{"rendered":"https:\/\/singuli.wpress.me\/index.php\/proizvod\/karlovacko-natur-radler-crno-pivo-limun-24x0-5l\/"},"modified":"2026-04-20T12:33:43","modified_gmt":"2026-04-20T12:33:43","slug":"karlovacko-natur-radler-crno-pivo-limun-24x0-5l","status":"publish","type":"product","link":"https:\/\/singuli.wpress.me\/index.php\/proizvod\/karlovacko-natur-radler-crno-pivo-limun-24x0-5l\/","title":{"rendered":"KARLOVA\u010cKO Natur Radler, crno pivo, limun, 24&#215;0.5l"},"content":{"rendered":"<p>Karlova\u010dko Natur Radler crni limun-mje\u0161avina crnog jakog lager piva i osvje\u017eavaju\u0107eg bezalkoholnog pi\u0107a od limunovog soka, sa sladilom. Vo\u0107ni udio: 5,0%, Ekstrakt u osnovnoj sladovini: 8,5%. Pasterizirano.<\/p>\n","protected":false},"excerpt":{"rendered":"<p>Mje\u0161avina svijetlog lager piva i bezalkoholnog pi\u0107a od limunovog soka<br \/>\nAlkohol:  2,0% vol.<br \/>\n\u010cuvati na suhom i hladnom mjestu<\/p>\n","protected":false},"featured_media":0,"template":"","meta":{"_seopress_robots_primary_cat":"","_seopress_titles_title":"","_seopress_titles_desc":"","_seopress_robots_index":"","iawp_total_views":0},"product_brand":[526],"product_cat":[298,261],"product_tag":[],"class_list":{"0":"post-42117","1":"product","2":"type-product","3":"status-publish","5":"product_brand-karlovacko","6":"product_cat-alkoholna-pica-261","7":"product_cat-hrana-i-pice","9":"first","10":"outofstock","11":"shipping-taxable","12":"purchasable","13":"product-type-simple"},"_links":{"self":[{"href":"https:\/\/singuli.wpress.me\/index.php\/wp-json\/wp\/v2\/product\/42117","targetHints":{"allow":["GET"]}}],"collection":[{"href":"https:\/\/singuli.wpress.me\/index.php\/wp-json\/wp\/v2\/product"}],"about":[{"href":"https:\/\/singuli.wpress.me\/index.php\/wp-json\/wp\/v2\/types\/product"}],"version-history":[{"count":0,"href":"https:\/\/singuli.wpress.me\/index.php\/wp-json\/wp\/v2\/product\/42117\/revisions"}],"wp:attachment":[{"href":"https:\/\/singuli.wpress.me\/index.php\/wp-json\/wp\/v2\/media?parent=42117"}],"wp:term":[{"taxonomy":"product_brand","embeddable":true,"href":"https:\/\/singuli.wpress.me\/index.php\/wp-json\/wp\/v2\/product_brand?post=42117"},{"taxonomy":"product_cat","embeddable":true,"href":"https:\/\/singuli.wpress.me\/index.php\/wp-json\/wp\/v2\/product_cat?post=42117"},{"taxonomy":"product_tag","embeddable":true,"href":"https:\/\/singuli.wpress.me\/index.php\/wp-json\/wp\/v2\/product_tag?post=42117"}],"curies":[{"name":"wp","href":"https:\/\/api.w.org\/{rel}","templated":true}]}}