{"id":42119,"date":"2026-04-19T15:25:46","date_gmt":"2026-04-19T15:25:46","guid":{"rendered":"https:\/\/singuli.wpress.me\/index.php\/proizvod\/spirax-s1-atf-tasa-ulje-za-hidrauliku-i-automatske-mjenjace-20-l\/"},"modified":"2026-04-20T12:33:43","modified_gmt":"2026-04-20T12:33:43","slug":"spirax-s1-atf-tasa-ulje-za-hidrauliku-i-automatske-mjenjace-20-l","status":"publish","type":"product","link":"https:\/\/singuli.wpress.me\/index.php\/proizvod\/spirax-s1-atf-tasa-ulje-za-hidrauliku-i-automatske-mjenjace-20-l\/","title":{"rendered":"SPIRAX S1 ATF TASA, ulje za hidrauliku i automatske mjenja\u010de, 20\u00a0l"},"content":{"rendered":"<p>Kvalitetno ulje visoke kvalitete za automobilske prijenose, servo ure\u0111aje i hidrauliku naj\u010de\u0161\u0107e kori\u0161teno u gra\u0111evinskim strojevima koji rade u terenskim uvjetima. Odlikuju ga oksidacijska i toplinska stabilnost, disperzivnost, smanjenje trenja, smi\u010dna stabilnost kao i za\u0161tita od tro\u0161enja i udarnih optere\u0107enja. Primjenjuje se u hidrauli\u010dko-planetarnim i industrijskim pretvara\u010dima okretnog momenta te gdje se zahtijeva radna teku\u0107ina koja odgovara zahtjevima GM Tip A Sufiks A. Koristi se u te\u0161kim kamionima, gra\u0111evinskim strojevima i starijim automobilima te u pojedinim terenskim primjenama.<\/p>\n<p>Specifikacija: General Motors Tip A Suffix A.  <\/p>\n","protected":false},"excerpt":{"rendered":"<p>Oksidacijska i toplinska stabilnost<br \/>\nKoristi se za te\u0161ke kamione, gra\u0111evinske strojeve, starije automobile te u pojedinim terenskim primjenama<br \/>\nUlje za automobilske prijenose, servo ure\u0111aje i hidrauliku<\/p>\n","protected":false},"featured_media":0,"template":"","meta":{"_seopress_robots_primary_cat":"","_seopress_titles_title":"","_seopress_titles_desc":"","_seopress_robots_index":"","iawp_total_views":0},"product_brand":[371],"product_cat":[243,276],"product_tag":[],"class_list":{"0":"post-42119","1":"product","2":"type-product","3":"status-publish","5":"product_brand-spirax","6":"product_cat-automobili-i-motori","7":"product_cat-industrijska-i-specijalna-ulja-243","9":"first","10":"outofstock","11":"shipping-taxable","12":"purchasable","13":"product-type-simple"},"_links":{"self":[{"href":"https:\/\/singuli.wpress.me\/index.php\/wp-json\/wp\/v2\/product\/42119","targetHints":{"allow":["GET"]}}],"collection":[{"href":"https:\/\/singuli.wpress.me\/index.php\/wp-json\/wp\/v2\/product"}],"about":[{"href":"https:\/\/singuli.wpress.me\/index.php\/wp-json\/wp\/v2\/types\/product"}],"version-history":[{"count":0,"href":"https:\/\/singuli.wpress.me\/index.php\/wp-json\/wp\/v2\/product\/42119\/revisions"}],"wp:attachment":[{"href":"https:\/\/singuli.wpress.me\/index.php\/wp-json\/wp\/v2\/media?parent=42119"}],"wp:term":[{"taxonomy":"product_brand","embeddable":true,"href":"https:\/\/singuli.wpress.me\/index.php\/wp-json\/wp\/v2\/product_brand?post=42119"},{"taxonomy":"product_cat","embeddable":true,"href":"https:\/\/singuli.wpress.me\/index.php\/wp-json\/wp\/v2\/product_cat?post=42119"},{"taxonomy":"product_tag","embeddable":true,"href":"https:\/\/singuli.wpress.me\/index.php\/wp-json\/wp\/v2\/product_tag?post=42119"}],"curies":[{"name":"wp","href":"https:\/\/api.w.org\/{rel}","templated":true}]}}