{"id":42120,"date":"2026-04-19T15:25:46","date_gmt":"2026-04-19T15:25:46","guid":{"rendered":"https:\/\/singuli.wpress.me\/index.php\/proizvod\/headshoulders-classic-clean-sampon-protiv-peruti-2u1-360-ml\/"},"modified":"2026-04-21T00:27:15","modified_gmt":"2026-04-21T00:27:15","slug":"headshoulders-classic-clean-sampon-protiv-peruti-2u1-360-ml","status":"publish","type":"product","link":"https:\/\/singuli.wpress.me\/index.php\/proizvod\/headshoulders-classic-clean-sampon-protiv-peruti-2u1-360-ml\/","title":{"rendered":"HEAD&amp;SHOULDERS Classic Clean, \u0161ampon protiv peruti, 2u1, 360\u00a0ml"},"content":{"rendered":"<p>\u0160ampon i balzam protiv peruti 2in1 Head &amp; Shoulders bori se protiv glavnog uzroka peruti, za do 72 sata za\u0161tite od ljuskica, suho\u0107e i svrbe\u017ea (vidljive ljuskice, uz redovitu upotrebu; svrbe\u017e zbog peruti). <\/p>\n<p>Napredna formula dermatolo\u0161ki je testirana, pH uravnote\u017eena i osna\u017eena antioksidansima za nje\u017enu njegu kose i vlasi\u0161ta. Uz redovitu upotrebu ostavlja ih do 100 % bez peruti, \u0161to je i klini\u010dki dokazano. <\/p>\n<p>\u0160ampon i balzam protiv peruti Classic Clean 2in1 dubinski \u010disti va\u0161u kosu i odr\u017eava je svje\u017eom i prekrasno hidratiziranom. Head &amp; Shoulders vode\u0107a je marka \u0161ampona u svijetu (izra\u010dun tvrtke P&amp;G na temelju godi\u0161nje prodaje u kategoriji \u0161ampona) i brine za planet: ova se bo\u010dica mo\u017ee reciklirati (bez \u010depa i ovisno o pogonima za recikla\u017eu).<\/p>\n","protected":false},"excerpt":{"rendered":"<p>2u1: \u0161ampon i balzam protiv peruti<br \/>\nDubinski \u010disti i hidratizira sve tipove kose<br \/>\nProtiv svrbe\u017ea, masnog i suhog vlasi\u0161ta<\/p>\n","protected":false},"featured_media":0,"template":"","meta":{"_seopress_robots_primary_cat":"","_seopress_titles_title":"","_seopress_titles_desc":"","_seopress_robots_index":"","iawp_total_views":0},"product_brand":[443],"product_cat":[268,300],"product_tag":[],"class_list":{"0":"post-42120","1":"product","2":"type-product","3":"status-publish","5":"product_brand-headshoulders","6":"product_cat-kozmetika-2","7":"product_cat-njega-kose-268","9":"first","10":"outofstock","11":"shipping-taxable","12":"purchasable","13":"product-type-simple"},"_links":{"self":[{"href":"https:\/\/singuli.wpress.me\/index.php\/wp-json\/wp\/v2\/product\/42120","targetHints":{"allow":["GET"]}}],"collection":[{"href":"https:\/\/singuli.wpress.me\/index.php\/wp-json\/wp\/v2\/product"}],"about":[{"href":"https:\/\/singuli.wpress.me\/index.php\/wp-json\/wp\/v2\/types\/product"}],"version-history":[{"count":0,"href":"https:\/\/singuli.wpress.me\/index.php\/wp-json\/wp\/v2\/product\/42120\/revisions"}],"wp:attachment":[{"href":"https:\/\/singuli.wpress.me\/index.php\/wp-json\/wp\/v2\/media?parent=42120"}],"wp:term":[{"taxonomy":"product_brand","embeddable":true,"href":"https:\/\/singuli.wpress.me\/index.php\/wp-json\/wp\/v2\/product_brand?post=42120"},{"taxonomy":"product_cat","embeddable":true,"href":"https:\/\/singuli.wpress.me\/index.php\/wp-json\/wp\/v2\/product_cat?post=42120"},{"taxonomy":"product_tag","embeddable":true,"href":"https:\/\/singuli.wpress.me\/index.php\/wp-json\/wp\/v2\/product_tag?post=42120"}],"curies":[{"name":"wp","href":"https:\/\/api.w.org\/{rel}","templated":true}]}}