{"id":42121,"date":"2026-04-19T15:25:46","date_gmt":"2026-04-19T15:25:46","guid":{"rendered":"https:\/\/singuli.wpress.me\/index.php\/proizvod\/oral-b-gum-purify-extra-fresh-zubna-pasta-75-ml\/"},"modified":"2026-04-20T12:33:43","modified_gmt":"2026-04-20T12:33:43","slug":"oral-b-gum-purify-extra-fresh-zubna-pasta-75-ml","status":"publish","type":"product","link":"https:\/\/singuli.wpress.me\/index.php\/proizvod\/oral-b-gum-purify-extra-fresh-zubna-pasta-75-ml\/","title":{"rendered":"ORAL-B Gum Purify Extra Fresh, zubna pasta, 75\u00a0ml"},"content":{"rendered":"<p>Zubna pasta Oral-B Gum Purify \u010di\u0161\u0107enjem desni poma\u017ee sprije\u010diti budu\u0107e probleme. <\/p>\n<p>Za klini\u010dki dokazano zdravije desni.<\/p>\n","protected":false},"excerpt":{"rendered":"<p>\u010ci\u0161\u0107enjem desni poma\u017ee sprije\u010diti budu\u0107e probleme<br \/>\nZa klini\u010dki dokazano zdravije desni<br \/>\n\u010cuva zdravlje usne \u0161upljine<\/p>\n","protected":false},"featured_media":0,"template":"","meta":{"_seopress_robots_primary_cat":"","_seopress_titles_title":"","_seopress_titles_desc":"","_seopress_robots_index":"","iawp_total_views":0},"product_brand":[423],"product_cat":[268,309,320],"product_tag":[],"class_list":{"0":"post-42121","1":"product","2":"type-product","3":"status-publish","5":"product_brand-oral-b-2","6":"product_cat-kozmetika-2","7":"product_cat-oralna-higijena-268","8":"product_cat-paste-za-zube-309","10":"first","11":"outofstock","12":"shipping-taxable","13":"purchasable","14":"product-type-simple"},"_links":{"self":[{"href":"https:\/\/singuli.wpress.me\/index.php\/wp-json\/wp\/v2\/product\/42121","targetHints":{"allow":["GET"]}}],"collection":[{"href":"https:\/\/singuli.wpress.me\/index.php\/wp-json\/wp\/v2\/product"}],"about":[{"href":"https:\/\/singuli.wpress.me\/index.php\/wp-json\/wp\/v2\/types\/product"}],"version-history":[{"count":0,"href":"https:\/\/singuli.wpress.me\/index.php\/wp-json\/wp\/v2\/product\/42121\/revisions"}],"wp:attachment":[{"href":"https:\/\/singuli.wpress.me\/index.php\/wp-json\/wp\/v2\/media?parent=42121"}],"wp:term":[{"taxonomy":"product_brand","embeddable":true,"href":"https:\/\/singuli.wpress.me\/index.php\/wp-json\/wp\/v2\/product_brand?post=42121"},{"taxonomy":"product_cat","embeddable":true,"href":"https:\/\/singuli.wpress.me\/index.php\/wp-json\/wp\/v2\/product_cat?post=42121"},{"taxonomy":"product_tag","embeddable":true,"href":"https:\/\/singuli.wpress.me\/index.php\/wp-json\/wp\/v2\/product_tag?post=42121"}],"curies":[{"name":"wp","href":"https:\/\/api.w.org\/{rel}","templated":true}]}}