{"id":42124,"date":"2026-04-19T15:25:47","date_gmt":"2026-04-19T15:25:47","guid":{"rendered":"https:\/\/singuli.wpress.me\/index.php\/proizvod\/bison-ljepilo-za-plastiku-25-ml\/"},"modified":"2026-04-21T00:27:15","modified_gmt":"2026-04-21T00:27:15","slug":"bison-ljepilo-za-plastiku-25-ml","status":"publish","type":"product","link":"https:\/\/singuli.wpress.me\/index.php\/proizvod\/bison-ljepilo-za-plastiku-25-ml\/","title":{"rendered":"BISON, ljepilo, za plastiku, 25\u00a0ml"},"content":{"rendered":"<p>Visokokvalitetno, sna\u017eno ljepilo za plastiku.<\/p>\n<p>Lijepi sinteti\u010dke materijale u ku\u0107anstvu, npr. ABS, akrilno staklo (Perspex\u00ae, Plexiglas\u00ae), polikarbonat (Lexan\u00ae) i tvrdi PVC. Odli\u010dno za popravak plasti\u010dnih ku\u0107anskih aparata kao \u0161to su (mobilni) telefoni, aparati za kavu, audioure\u0111aji, bojleri, daljinski upravlja\u010di, ra\u010dunala, printeri i tipkovnice. Tako\u0111er je izvrsno za u\u010dvr\u0161\u0107ivanje PVC elektri\u010dnih tuba i plasti\u010dnih dijelova svjetala za bicikle i automobile.<\/p>\n<p>Nije prikladno za polipropilen (PP), polietilen (PE) i PTFE.<\/p>\n<p>\u010cuvajte na suhom i hladnom mjestu na kojem ne dolazi do smrzavanja.<\/p>\n","protected":false},"excerpt":{"rendered":"<p>Vodootporno<br \/>\nOtporno na temperature do +100 \u00b0C<br \/>\nProzirno<\/p>\n","protected":false},"featured_media":0,"template":"","meta":{"_seopress_robots_primary_cat":"","_seopress_titles_title":"","_seopress_titles_desc":"","_seopress_robots_index":"","iawp_total_views":0},"product_brand":[494],"product_cat":[264,238],"product_tag":[],"class_list":{"0":"post-42124","1":"product","2":"type-product","3":"status-publish","5":"product_brand-bison","6":"product_cat-ljepila-i-brtvila-238","7":"product_cat-sve-za-dom","9":"first","10":"instock","11":"shipping-taxable","12":"purchasable","13":"product-type-simple"},"_links":{"self":[{"href":"https:\/\/singuli.wpress.me\/index.php\/wp-json\/wp\/v2\/product\/42124","targetHints":{"allow":["GET"]}}],"collection":[{"href":"https:\/\/singuli.wpress.me\/index.php\/wp-json\/wp\/v2\/product"}],"about":[{"href":"https:\/\/singuli.wpress.me\/index.php\/wp-json\/wp\/v2\/types\/product"}],"version-history":[{"count":0,"href":"https:\/\/singuli.wpress.me\/index.php\/wp-json\/wp\/v2\/product\/42124\/revisions"}],"wp:attachment":[{"href":"https:\/\/singuli.wpress.me\/index.php\/wp-json\/wp\/v2\/media?parent=42124"}],"wp:term":[{"taxonomy":"product_brand","embeddable":true,"href":"https:\/\/singuli.wpress.me\/index.php\/wp-json\/wp\/v2\/product_brand?post=42124"},{"taxonomy":"product_cat","embeddable":true,"href":"https:\/\/singuli.wpress.me\/index.php\/wp-json\/wp\/v2\/product_cat?post=42124"},{"taxonomy":"product_tag","embeddable":true,"href":"https:\/\/singuli.wpress.me\/index.php\/wp-json\/wp\/v2\/product_tag?post=42124"}],"curies":[{"name":"wp","href":"https:\/\/api.w.org\/{rel}","templated":true}]}}