{"id":42125,"date":"2026-04-19T15:25:47","date_gmt":"2026-04-19T15:25:47","guid":{"rendered":"https:\/\/singuli.wpress.me\/index.php\/proizvod\/helix-ultra-ect-ah-5w30-motorno-ulje-za-osobna-vozila-12x1l-12-l\/"},"modified":"2026-04-21T00:27:15","modified_gmt":"2026-04-21T00:27:15","slug":"helix-ultra-ect-ah-5w30-motorno-ulje-za-osobna-vozila-12x1l-12-l","status":"publish","type":"product","link":"https:\/\/singuli.wpress.me\/index.php\/proizvod\/helix-ultra-ect-ah-5w30-motorno-ulje-za-osobna-vozila-12x1l-12-l\/","title":{"rendered":"HELIX ULTRA ECT AH 5W30, motorno ulje za osobna vozila, 12x1l, 12\u00a0l"},"content":{"rendered":"<p><span style=\"font-weight: bold\">Shell Helix Ultra ECT AH<\/span> je vrhunsko motorno ulje, isklju\u010divo preporu\u010deno od proizvo\u0111a\u010da automobila Hyundai.<\/p>\n<p><span style=\"font-weight: bold\">Zna\u010dajke: <\/span><br \/>\nShellova napredna tehnologija kompatibilna s emisijama za low SAPS ulja (ulja s niskim udjelom sulfatnog pepela, sumpora i fosfora) \u2013 \u0161titi ispu\u0161ne sustave odr\u017eavaju\u0107i filtere krutih \u010destica (DPF) \u010distim.<br \/>\nOno \u0161to ga karakterizira je br\u017ei protok ulja koji omogu\u0107ava br\u017ee zagrijavanje i pokretanje motora, tako\u0111er odr\u017eava viskoznu stabilnost tijekom cijelog intervala zamjene ulja, kao i manje isparavanje i potrebu za nadopunom. <br \/>\nNamijenjeno za upotrebu za Hyundai benzinske i dizel motore koji zahtijevaju ACEA C3 specifikaciju.<\/p>\n<p><span style=\"font-weight: bold\">Specifikacije:<\/span> ACEA C3, API SN<\/p>\n","protected":false},"excerpt":{"rendered":"<p>Vrhunsko motorno ulje<br \/>\nShellova napredna tehnologija kompatibilna s emisijama za low SAPS ulja<br \/>\nBr\u017ei protok ulja koji omogu\u0107ava br\u017ee zagrijavanje i pokretanje motora<\/p>\n","protected":false},"featured_media":0,"template":"","meta":{"_seopress_robots_primary_cat":"","_seopress_titles_title":"","_seopress_titles_desc":"","_seopress_robots_index":"","iawp_total_views":0},"product_brand":[398],"product_cat":[243,272],"product_tag":[],"class_list":{"0":"post-42125","1":"product","2":"type-product","3":"status-publish","5":"product_brand-helix","6":"product_cat-automobili-i-motori","7":"product_cat-motorna-ulja-243","9":"first","10":"outofstock","11":"shipping-taxable","12":"purchasable","13":"product-type-simple"},"_links":{"self":[{"href":"https:\/\/singuli.wpress.me\/index.php\/wp-json\/wp\/v2\/product\/42125","targetHints":{"allow":["GET"]}}],"collection":[{"href":"https:\/\/singuli.wpress.me\/index.php\/wp-json\/wp\/v2\/product"}],"about":[{"href":"https:\/\/singuli.wpress.me\/index.php\/wp-json\/wp\/v2\/types\/product"}],"version-history":[{"count":0,"href":"https:\/\/singuli.wpress.me\/index.php\/wp-json\/wp\/v2\/product\/42125\/revisions"}],"wp:attachment":[{"href":"https:\/\/singuli.wpress.me\/index.php\/wp-json\/wp\/v2\/media?parent=42125"}],"wp:term":[{"taxonomy":"product_brand","embeddable":true,"href":"https:\/\/singuli.wpress.me\/index.php\/wp-json\/wp\/v2\/product_brand?post=42125"},{"taxonomy":"product_cat","embeddable":true,"href":"https:\/\/singuli.wpress.me\/index.php\/wp-json\/wp\/v2\/product_cat?post=42125"},{"taxonomy":"product_tag","embeddable":true,"href":"https:\/\/singuli.wpress.me\/index.php\/wp-json\/wp\/v2\/product_tag?post=42125"}],"curies":[{"name":"wp","href":"https:\/\/api.w.org\/{rel}","templated":true}]}}