{"id":42126,"date":"2026-04-19T15:25:48","date_gmt":"2026-04-19T15:25:48","guid":{"rendered":"https:\/\/singuli.wpress.me\/index.php\/proizvod\/tomy-igracka-jurassic-vozila-s-zivotinjama\/"},"modified":"2026-04-20T12:33:43","modified_gmt":"2026-04-20T12:33:43","slug":"tomy-igracka-jurassic-vozila-s-zivotinjama","status":"publish","type":"product","link":"https:\/\/singuli.wpress.me\/index.php\/proizvod\/tomy-igracka-jurassic-vozila-s-zivotinjama\/","title":{"rendered":"TOMY, igra\u010dka, Jurassic vozila s \u017eivotinjama"},"content":{"rendered":"<p>\u017divotinje su spremne za avanturu!<\/p>\n<p>U prednjem vozilu nalazi se beba Triceratops. Prostresi ga da \u010duje\u0161 kako re\u017ei ili ga postavi na prednje sjedalo. .. gledaj kako se vrti kada se vozilo pokre\u0107e.<\/p>\n<p>Priklju\u010di drugo vozilo. Unutra je maleni Brachiosaurus, spreman za vo\u017enju. Igra\u010dka radi i na principu push&amp;go vozila. Pove\u017ei vozila, pritisni glavu Brachiosaurusa i gledaj kako jure.<\/p>\n<p>Za rad nisu potrebne baterije. <\/p>\n<p>Dob: 12 mjeseci +<\/p>\n","protected":false},"excerpt":{"rendered":"<p>Igra\u010dka radi i na principu push&amp;go vozila<br \/>\nZa igru nisu potrebne baterije<br \/>\nDob: 12 mjeseci+<\/p>\n","protected":false},"featured_media":0,"template":"","meta":{"_seopress_robots_primary_cat":"","_seopress_titles_title":"","_seopress_titles_desc":"","_seopress_robots_index":"","iawp_total_views":0},"product_brand":[487],"product_cat":[221,291],"product_tag":[],"class_list":{"0":"post-42126","1":"product","2":"type-product","3":"status-publish","5":"product_brand-tomy","6":"product_cat-igracke","7":"product_cat-igracke-za-djecu-221","9":"first","10":"instock","11":"shipping-taxable","12":"purchasable","13":"product-type-simple"},"_links":{"self":[{"href":"https:\/\/singuli.wpress.me\/index.php\/wp-json\/wp\/v2\/product\/42126","targetHints":{"allow":["GET"]}}],"collection":[{"href":"https:\/\/singuli.wpress.me\/index.php\/wp-json\/wp\/v2\/product"}],"about":[{"href":"https:\/\/singuli.wpress.me\/index.php\/wp-json\/wp\/v2\/types\/product"}],"version-history":[{"count":0,"href":"https:\/\/singuli.wpress.me\/index.php\/wp-json\/wp\/v2\/product\/42126\/revisions"}],"wp:attachment":[{"href":"https:\/\/singuli.wpress.me\/index.php\/wp-json\/wp\/v2\/media?parent=42126"}],"wp:term":[{"taxonomy":"product_brand","embeddable":true,"href":"https:\/\/singuli.wpress.me\/index.php\/wp-json\/wp\/v2\/product_brand?post=42126"},{"taxonomy":"product_cat","embeddable":true,"href":"https:\/\/singuli.wpress.me\/index.php\/wp-json\/wp\/v2\/product_cat?post=42126"},{"taxonomy":"product_tag","embeddable":true,"href":"https:\/\/singuli.wpress.me\/index.php\/wp-json\/wp\/v2\/product_tag?post=42126"}],"curies":[{"name":"wp","href":"https:\/\/api.w.org\/{rel}","templated":true}]}}