{"id":42131,"date":"2026-04-19T15:25:49","date_gmt":"2026-04-19T15:25:49","guid":{"rendered":"https:\/\/singuli.wpress.me\/index.php\/proizvod\/natureta-dzem-borovnica-320-g\/"},"modified":"2026-04-20T12:33:43","modified_gmt":"2026-04-20T12:33:43","slug":"natureta-dzem-borovnica-320-g","status":"publish","type":"product","link":"https:\/\/singuli.wpress.me\/index.php\/proizvod\/natureta-dzem-borovnica-320-g\/","title":{"rendered":"NATURETA, d\u017eem , borovnica, 320\u00a0g"},"content":{"rendered":"<p>Rezultat kuhanja pomno odabranih borovnica pod budnim okom Naturetinih kulinarskih majstora je ukusan d\u017eem ba\u0161 pravog okusa, savr\u0161en za sve vrste kruha, pala\u010dinki i slastica ili kao dodatak jogurtu.<\/p>\n<p>Posebnost Natureta vo\u0107nih d\u017eemova je ni\u017ea kalorijska vrijednost s 30% manje \u0161e\u0107era u odnosu na obi\u010dne vo\u0107ne d\u017eemove te \u010dinjenica da se rade od cijelog vo\u0107a.<\/p>\n","protected":false},"excerpt":{"rendered":"<p>D\u017eem napravljen od cijelog vo\u0107a<br \/>\nSadr\u017ei 30% manje \u0161e\u0107era od obi\u010dnog vo\u0107nog d\u017eema<br \/>\nIzvrstan okus<\/p>\n","protected":false},"featured_media":0,"template":"","meta":{"_seopress_robots_primary_cat":"","_seopress_titles_title":"","_seopress_titles_desc":"","_seopress_robots_index":"","iawp_total_views":0},"product_brand":[811],"product_cat":[261,299],"product_tag":[],"class_list":{"0":"post-42131","1":"product","2":"type-product","3":"status-publish","5":"product_brand-natureta","6":"product_cat-hrana-i-pice","7":"product_cat-konzervirana-i-gotova-hrana-261","9":"first","10":"outofstock","11":"shipping-taxable","12":"purchasable","13":"product-type-simple"},"_links":{"self":[{"href":"https:\/\/singuli.wpress.me\/index.php\/wp-json\/wp\/v2\/product\/42131","targetHints":{"allow":["GET"]}}],"collection":[{"href":"https:\/\/singuli.wpress.me\/index.php\/wp-json\/wp\/v2\/product"}],"about":[{"href":"https:\/\/singuli.wpress.me\/index.php\/wp-json\/wp\/v2\/types\/product"}],"version-history":[{"count":0,"href":"https:\/\/singuli.wpress.me\/index.php\/wp-json\/wp\/v2\/product\/42131\/revisions"}],"wp:attachment":[{"href":"https:\/\/singuli.wpress.me\/index.php\/wp-json\/wp\/v2\/media?parent=42131"}],"wp:term":[{"taxonomy":"product_brand","embeddable":true,"href":"https:\/\/singuli.wpress.me\/index.php\/wp-json\/wp\/v2\/product_brand?post=42131"},{"taxonomy":"product_cat","embeddable":true,"href":"https:\/\/singuli.wpress.me\/index.php\/wp-json\/wp\/v2\/product_cat?post=42131"},{"taxonomy":"product_tag","embeddable":true,"href":"https:\/\/singuli.wpress.me\/index.php\/wp-json\/wp\/v2\/product_tag?post=42131"}],"curies":[{"name":"wp","href":"https:\/\/api.w.org\/{rel}","templated":true}]}}