{"id":42132,"date":"2026-04-19T15:25:50","date_gmt":"2026-04-19T15:25:50","guid":{"rendered":"https:\/\/singuli.wpress.me\/index.php\/proizvod\/braun-series-1-130-brijaci-aparat\/"},"modified":"2026-04-21T00:27:15","modified_gmt":"2026-04-21T00:27:15","slug":"braun-series-1-130-brijaci-aparat","status":"publish","type":"product","link":"https:\/\/singuli.wpress.me\/index.php\/proizvod\/braun-series-1-130-brijaci-aparat\/","title":{"rendered":"BRAUN Series 1 130, brija\u0107i aparat"},"content":{"rendered":"<p>Mu\u0161ki aparat za brijanje Braun Series 1-130 s tehnologijom ultratanke folije nudi iznimno precizno i ugodno brijanje. Lako o\u010distite aparat za brijanje pod mlazom vode.<br \/>\n\u010ci\u0161\u0107enje aparata za brijanje je vrlo jednostavno, jer ga mo\u017eete lako o\u010distiti pod mlazom vode.<br \/>\nGlavne zna\u010dajke:<br \/>\n&#8211; Jednostavan na\u010din brijanja &#8211; Cjelovita ponuda Braun aparata za brijanje za zahtjevne po\u010detnike. Ergonomski oblici i posebno \u0161iroka glava za brijanje za u\u010dinkovito brijanje.<br \/>\n&#8211; SmartFoil\u2122 &#8211; zahvaljuju\u0107i jedinstvenom mre\u017eastom uzorku, Smart Foil\u2122 hvata dla\u010dice koje rastu u razli\u010ditim smjerovima.<br \/>\n&#8211; \u010ci\u0161\u0107enje pod teku\u0107om vodom<br \/>\n&#8211; Koristite samo s priklju\u010dnim kabelom<\/p>\n","protected":false},"excerpt":{"rendered":"<p>Sustav SmartFoil pru\u017ea vrlo u\u010dinkovito suho brijanje.<br \/>\nSigurno i jednostavno \u010di\u0161\u0107enje vodom.<br \/>\nRadi s priklju\u010dnim kabelom.<\/p>\n","protected":false},"featured_media":0,"template":"","meta":{"_seopress_robots_primary_cat":"","_seopress_titles_title":"","_seopress_titles_desc":"","_seopress_robots_index":"","iawp_total_views":0},"product_brand":[144],"product_cat":[280,192,279],"product_tag":[],"class_list":{"0":"post-42132","1":"product","2":"type-product","3":"status-publish","5":"product_brand-braun","6":"product_cat-aparati-za-muskarce-279","7":"product_cat-aparati-za-osobnu-njegu","8":"product_cat-brijanje-i-sisanje-192","10":"first","11":"outofstock","12":"shipping-taxable","13":"purchasable","14":"product-type-simple"},"_links":{"self":[{"href":"https:\/\/singuli.wpress.me\/index.php\/wp-json\/wp\/v2\/product\/42132","targetHints":{"allow":["GET"]}}],"collection":[{"href":"https:\/\/singuli.wpress.me\/index.php\/wp-json\/wp\/v2\/product"}],"about":[{"href":"https:\/\/singuli.wpress.me\/index.php\/wp-json\/wp\/v2\/types\/product"}],"version-history":[{"count":0,"href":"https:\/\/singuli.wpress.me\/index.php\/wp-json\/wp\/v2\/product\/42132\/revisions"}],"wp:attachment":[{"href":"https:\/\/singuli.wpress.me\/index.php\/wp-json\/wp\/v2\/media?parent=42132"}],"wp:term":[{"taxonomy":"product_brand","embeddable":true,"href":"https:\/\/singuli.wpress.me\/index.php\/wp-json\/wp\/v2\/product_brand?post=42132"},{"taxonomy":"product_cat","embeddable":true,"href":"https:\/\/singuli.wpress.me\/index.php\/wp-json\/wp\/v2\/product_cat?post=42132"},{"taxonomy":"product_tag","embeddable":true,"href":"https:\/\/singuli.wpress.me\/index.php\/wp-json\/wp\/v2\/product_tag?post=42132"}],"curies":[{"name":"wp","href":"https:\/\/api.w.org\/{rel}","templated":true}]}}