{"id":42134,"date":"2026-04-19T15:25:51","date_gmt":"2026-04-19T15:25:51","guid":{"rendered":"https:\/\/singuli.wpress.me\/index.php\/proizvod\/barbie-ken-modni-frajer\/"},"modified":"2026-04-23T00:27:55","modified_gmt":"2026-04-23T00:27:55","slug":"barbie-ken-modni-frajer","status":"publish","type":"product","link":"https:\/\/singuli.wpress.me\/proizvod\/barbie-ken-modni-frajer\/","title":{"rendered":"BARBIE, Ken, modni frajer"},"content":{"rendered":"<p>Ken modni frajer slavi raznolikost &#8211; raznim tonovima ko\u017ee, boje o\u010diju, tipovima tijela i modnim kombinacijama odra\u017eava svijet koji djeca danas vide.  <\/p>\n<p>Sada Ken modni frajer dolazi u plasti\u010dnoj vi\u0161enamjenskoj ambala\u017ei s patentom. Takva ambala\u017ea se mo\u017ee jo\u0161 koristiti kao pernica, kozmeti\u010dka torbica, spremi\u0161te za Barbie odje\u0107u ili cipele ili kako god va\u0161i maleni \u017eele. <\/p>\n<p>Lutka Kena ne mo\u017ee samostalno stajati.<\/p>\n<p>Boje i dekoracije mogu se razlikovati.<\/p>\n<p>Dob: 3+ godina<\/p>\n<p><span style=\"font-weight: bold\">Igra\u010dka dolazi u vi\u0161e razli\u010ditih modela, a isporuka ovisi o njihovoj trenutnoj raspolo\u017eivosti. <\/span><\/p>\n","protected":false},"excerpt":{"rendered":"<p>Modni frajer slavi raznolikost<br \/>\nVi\u0161enamjenska ambala\u017ea s patentom<br \/>\nDob: 3+god<\/p>\n","protected":false},"featured_media":0,"template":"","meta":{"_seopress_robots_primary_cat":"","_seopress_titles_title":"","_seopress_titles_desc":"","_seopress_robots_index":"","iawp_total_views":0},"product_brand":[324],"product_cat":[221,291],"product_tag":[],"class_list":{"0":"post-42134","1":"product","2":"type-product","3":"status-publish","5":"product_brand-barbie","6":"product_cat-igracke","7":"product_cat-igracke-za-djecu-221","9":"first","10":"instock","11":"shipping-taxable","12":"purchasable","13":"product-type-simple"},"_links":{"self":[{"href":"https:\/\/singuli.wpress.me\/wp-json\/wp\/v2\/product\/42134","targetHints":{"allow":["GET"]}}],"collection":[{"href":"https:\/\/singuli.wpress.me\/wp-json\/wp\/v2\/product"}],"about":[{"href":"https:\/\/singuli.wpress.me\/wp-json\/wp\/v2\/types\/product"}],"version-history":[{"count":0,"href":"https:\/\/singuli.wpress.me\/wp-json\/wp\/v2\/product\/42134\/revisions"}],"wp:attachment":[{"href":"https:\/\/singuli.wpress.me\/wp-json\/wp\/v2\/media?parent=42134"}],"wp:term":[{"taxonomy":"product_brand","embeddable":true,"href":"https:\/\/singuli.wpress.me\/wp-json\/wp\/v2\/product_brand?post=42134"},{"taxonomy":"product_cat","embeddable":true,"href":"https:\/\/singuli.wpress.me\/wp-json\/wp\/v2\/product_cat?post=42134"},{"taxonomy":"product_tag","embeddable":true,"href":"https:\/\/singuli.wpress.me\/wp-json\/wp\/v2\/product_tag?post=42134"}],"curies":[{"name":"wp","href":"https:\/\/api.w.org\/{rel}","templated":true}]}}