{"id":42136,"date":"2026-04-19T15:25:52","date_gmt":"2026-04-19T15:25:52","guid":{"rendered":"https:\/\/singuli.wpress.me\/index.php\/proizvod\/make-it-real-narukvice-summer-vibes-heishi\/"},"modified":"2026-04-20T12:33:43","modified_gmt":"2026-04-20T12:33:43","slug":"make-it-real-narukvice-summer-vibes-heishi","status":"publish","type":"product","link":"https:\/\/singuli.wpress.me\/index.php\/proizvod\/make-it-real-narukvice-summer-vibes-heishi\/","title":{"rendered":"MAKE IT REAL, narukvice, Summer Vibes Heishi"},"content":{"rendered":"<p>Pretvori svoj svijet kreativnosti u stvarnost. Kreiraj 5 predivnih heishi narukvica uz ovaj set sa \u010dvrstom podlogom za tvoje kreacije!<\/p>\n<p>SADR\u017dAJ: ukupno 531 dijelova \u2013 za kreaciju 5 predivnih narukvica; 480 heishi perlica u 6 razli\u010ditih boja (6&#215;80), 35 srebrnih perlica, 1 elasti\u010dna traka 2m, 1 veliki metalni prsten, 1 mali metalni prsten, 1 kop\u010da, 6 boja vezenih traka od 2 m, svaka, 3 privjeska, pomo\u0107no \u0161ilo, upute, podloga za igru.<\/p>\n<p>Preporu\u010dena dob: 8+<\/p>\n","protected":false},"excerpt":{"rendered":"<p>Kreativan set<br \/>\nSadr\u017ei vi\u0161e komponenti<br \/>\nDob: 8+god<\/p>\n","protected":false},"featured_media":0,"template":"","meta":{"_seopress_robots_primary_cat":"","_seopress_titles_title":"","_seopress_titles_desc":"","_seopress_robots_index":"","iawp_total_views":0},"product_brand":[441],"product_cat":[221,291],"product_tag":[],"class_list":{"0":"post-42136","1":"product","2":"type-product","3":"status-publish","5":"product_brand-make-it-real","6":"product_cat-igracke","7":"product_cat-igracke-za-djecu-221","9":"first","10":"instock","11":"shipping-taxable","12":"purchasable","13":"product-type-simple"},"_links":{"self":[{"href":"https:\/\/singuli.wpress.me\/index.php\/wp-json\/wp\/v2\/product\/42136","targetHints":{"allow":["GET"]}}],"collection":[{"href":"https:\/\/singuli.wpress.me\/index.php\/wp-json\/wp\/v2\/product"}],"about":[{"href":"https:\/\/singuli.wpress.me\/index.php\/wp-json\/wp\/v2\/types\/product"}],"version-history":[{"count":0,"href":"https:\/\/singuli.wpress.me\/index.php\/wp-json\/wp\/v2\/product\/42136\/revisions"}],"wp:attachment":[{"href":"https:\/\/singuli.wpress.me\/index.php\/wp-json\/wp\/v2\/media?parent=42136"}],"wp:term":[{"taxonomy":"product_brand","embeddable":true,"href":"https:\/\/singuli.wpress.me\/index.php\/wp-json\/wp\/v2\/product_brand?post=42136"},{"taxonomy":"product_cat","embeddable":true,"href":"https:\/\/singuli.wpress.me\/index.php\/wp-json\/wp\/v2\/product_cat?post=42136"},{"taxonomy":"product_tag","embeddable":true,"href":"https:\/\/singuli.wpress.me\/index.php\/wp-json\/wp\/v2\/product_tag?post=42136"}],"curies":[{"name":"wp","href":"https:\/\/api.w.org\/{rel}","templated":true}]}}