{"id":42137,"date":"2026-04-19T15:25:53","date_gmt":"2026-04-19T15:25:53","guid":{"rendered":"https:\/\/singuli.wpress.me\/index.php\/proizvod\/jacobs-ice-coffee-cappuccino-8x17-8g-2\/"},"modified":"2026-04-20T12:33:43","modified_gmt":"2026-04-20T12:33:43","slug":"jacobs-ice-coffee-cappuccino-8x17-8g-2","status":"publish","type":"product","link":"https:\/\/singuli.wpress.me\/index.php\/proizvod\/jacobs-ice-coffee-cappuccino-8x17-8g-2\/","title":{"rendered":"JACOBS Ice Coffee, cappuccino, 8&#215;17.8g"},"content":{"rendered":"<p>U ljetnim danima u svakom trenutku po\u017eelite ne\u0161to hladno u uredu ili na odmoru, Jacobs Iced Cappuccino rashla\u0111uje vas ukusnom kavom koja vam daje osvje\u017eenje na licu mjesta.<\/p>\n","protected":false},"excerpt":{"rendered":"<p>Instant mje\u0161avina za napitak od kave<br \/>\nNapitak je ugodne arome i nezaboravnog okusa<br \/>\nPriu\u0161tite si \u0161alicu omiljenog Jacobs toplog napitka \/ili Cappuccina<\/p>\n","protected":false},"featured_media":0,"template":"","meta":{"_seopress_robots_primary_cat":"","_seopress_titles_title":"","_seopress_titles_desc":"","_seopress_robots_index":"","iawp_total_views":0},"product_brand":[419],"product_cat":[261,270],"product_tag":[],"class_list":{"0":"post-42137","1":"product","2":"type-product","3":"status-publish","5":"product_brand-jacobs","6":"product_cat-hrana-i-pice","7":"product_cat-slasticarstvo-261","9":"first","10":"outofstock","11":"shipping-taxable","12":"purchasable","13":"product-type-simple"},"_links":{"self":[{"href":"https:\/\/singuli.wpress.me\/index.php\/wp-json\/wp\/v2\/product\/42137","targetHints":{"allow":["GET"]}}],"collection":[{"href":"https:\/\/singuli.wpress.me\/index.php\/wp-json\/wp\/v2\/product"}],"about":[{"href":"https:\/\/singuli.wpress.me\/index.php\/wp-json\/wp\/v2\/types\/product"}],"version-history":[{"count":0,"href":"https:\/\/singuli.wpress.me\/index.php\/wp-json\/wp\/v2\/product\/42137\/revisions"}],"wp:attachment":[{"href":"https:\/\/singuli.wpress.me\/index.php\/wp-json\/wp\/v2\/media?parent=42137"}],"wp:term":[{"taxonomy":"product_brand","embeddable":true,"href":"https:\/\/singuli.wpress.me\/index.php\/wp-json\/wp\/v2\/product_brand?post=42137"},{"taxonomy":"product_cat","embeddable":true,"href":"https:\/\/singuli.wpress.me\/index.php\/wp-json\/wp\/v2\/product_cat?post=42137"},{"taxonomy":"product_tag","embeddable":true,"href":"https:\/\/singuli.wpress.me\/index.php\/wp-json\/wp\/v2\/product_tag?post=42137"}],"curies":[{"name":"wp","href":"https:\/\/api.w.org\/{rel}","templated":true}]}}