{"id":42140,"date":"2026-04-19T15:25:54","date_gmt":"2026-04-19T15:25:54","guid":{"rendered":"https:\/\/singuli.wpress.me\/index.php\/proizvod\/cunga-lunga-guma-za-zvakanje-okus-cole-15-g\/"},"modified":"2026-04-20T12:33:43","modified_gmt":"2026-04-20T12:33:43","slug":"cunga-lunga-guma-za-zvakanje-okus-cole-15-g","status":"publish","type":"product","link":"https:\/\/singuli.wpress.me\/index.php\/proizvod\/cunga-lunga-guma-za-zvakanje-okus-cole-15-g\/","title":{"rendered":"\u010cUNGA LUNGA, guma za \u017evakanje, okus cole, 15\u00a0g"},"content":{"rendered":"<p>Mega Cunga Lunga, \u017evaka\u0107a guma sa Super Mega okusom cole. <\/p>\n<p>U svakom paketu iznena\u0111enje, 5 super cool Mega tetova\u017ea sa likovima \u0106unga lunga.<\/p>\n<p>\u010cuvati na suhom i hladnom mjestu.<\/p>\n","protected":false},"excerpt":{"rendered":"<p>\u017dvaka\u010da guma<br \/>\nU svakom pakiranju 5 tetova\u017ea<br \/>\nOkus cole<\/p>\n","protected":false},"featured_media":0,"template":"","meta":{"_seopress_robots_primary_cat":"","_seopress_titles_title":"","_seopress_titles_desc":"","_seopress_robots_index":"","iawp_total_views":0},"product_brand":[850],"product_cat":[261,277],"product_tag":[],"class_list":{"0":"post-42140","1":"product","2":"type-product","3":"status-publish","5":"product_brand-cunga-lunga","6":"product_cat-hrana-i-pice","7":"product_cat-slatkisi-i-grickalice-261","9":"first","10":"instock","11":"shipping-taxable","12":"purchasable","13":"product-type-simple"},"_links":{"self":[{"href":"https:\/\/singuli.wpress.me\/index.php\/wp-json\/wp\/v2\/product\/42140","targetHints":{"allow":["GET"]}}],"collection":[{"href":"https:\/\/singuli.wpress.me\/index.php\/wp-json\/wp\/v2\/product"}],"about":[{"href":"https:\/\/singuli.wpress.me\/index.php\/wp-json\/wp\/v2\/types\/product"}],"version-history":[{"count":0,"href":"https:\/\/singuli.wpress.me\/index.php\/wp-json\/wp\/v2\/product\/42140\/revisions"}],"wp:attachment":[{"href":"https:\/\/singuli.wpress.me\/index.php\/wp-json\/wp\/v2\/media?parent=42140"}],"wp:term":[{"taxonomy":"product_brand","embeddable":true,"href":"https:\/\/singuli.wpress.me\/index.php\/wp-json\/wp\/v2\/product_brand?post=42140"},{"taxonomy":"product_cat","embeddable":true,"href":"https:\/\/singuli.wpress.me\/index.php\/wp-json\/wp\/v2\/product_cat?post=42140"},{"taxonomy":"product_tag","embeddable":true,"href":"https:\/\/singuli.wpress.me\/index.php\/wp-json\/wp\/v2\/product_tag?post=42140"}],"curies":[{"name":"wp","href":"https:\/\/api.w.org\/{rel}","templated":true}]}}