{"id":42144,"date":"2026-04-19T15:25:55","date_gmt":"2026-04-19T15:25:55","guid":{"rendered":"https:\/\/singuli.wpress.me\/index.php\/proizvod\/shell-odledivac-stakla-0-5-l\/"},"modified":"2026-04-20T12:33:43","modified_gmt":"2026-04-20T12:33:43","slug":"shell-odledivac-stakla-0-5-l","status":"publish","type":"product","link":"https:\/\/singuli.wpress.me\/index.php\/proizvod\/shell-odledivac-stakla-0-5-l\/","title":{"rendered":"SHELL, odle\u0111iva\u010d stakla, 0.5\u00a0l"},"content":{"rendered":"<p>Odle\u0111iva\u010d stakla koji brzo i u\u010dinkovito uklanja led i inje s automobilskih stakala i prednjih svjetala. U\u010dinkovito osloba\u0111a zale\u0111ene metlice brisa\u010da, smanjuje o\u0161te\u0107enje gume. Ne ostavlja mrlje. Sigurno za gumene, lakirane i polikarbonatne farove.<\/p>\n","protected":false},"excerpt":{"rendered":"<p>Odle\u0111iva\u010d stakla<br \/>\nBrzo i u\u010dinkovito uklanja led i inje s automobilskih stakala i prednjih svjetala<br \/>\nNe ostavlja mrlje<\/p>\n","protected":false},"featured_media":0,"template":"","meta":{"_seopress_robots_primary_cat":"","_seopress_titles_title":"","_seopress_titles_desc":"","_seopress_robots_index":"","iawp_total_views":0},"product_brand":[326],"product_cat":[243,273],"product_tag":[],"class_list":{"0":"post-42144","1":"product","2":"type-product","3":"status-publish","5":"product_brand-shell","6":"product_cat-automobili-i-motori","7":"product_cat-njega-vozila-243","9":"first","10":"outofstock","11":"shipping-taxable","12":"purchasable","13":"product-type-simple"},"_links":{"self":[{"href":"https:\/\/singuli.wpress.me\/index.php\/wp-json\/wp\/v2\/product\/42144","targetHints":{"allow":["GET"]}}],"collection":[{"href":"https:\/\/singuli.wpress.me\/index.php\/wp-json\/wp\/v2\/product"}],"about":[{"href":"https:\/\/singuli.wpress.me\/index.php\/wp-json\/wp\/v2\/types\/product"}],"version-history":[{"count":0,"href":"https:\/\/singuli.wpress.me\/index.php\/wp-json\/wp\/v2\/product\/42144\/revisions"}],"wp:attachment":[{"href":"https:\/\/singuli.wpress.me\/index.php\/wp-json\/wp\/v2\/media?parent=42144"}],"wp:term":[{"taxonomy":"product_brand","embeddable":true,"href":"https:\/\/singuli.wpress.me\/index.php\/wp-json\/wp\/v2\/product_brand?post=42144"},{"taxonomy":"product_cat","embeddable":true,"href":"https:\/\/singuli.wpress.me\/index.php\/wp-json\/wp\/v2\/product_cat?post=42144"},{"taxonomy":"product_tag","embeddable":true,"href":"https:\/\/singuli.wpress.me\/index.php\/wp-json\/wp\/v2\/product_tag?post=42144"}],"curies":[{"name":"wp","href":"https:\/\/api.w.org\/{rel}","templated":true}]}}