{"id":42146,"date":"2026-04-19T15:25:55","date_gmt":"2026-04-19T15:25:55","guid":{"rendered":"https:\/\/singuli.wpress.me\/index.php\/proizvod\/rimula-r4-x-15w40-motorno-ulje-za-gospodarska-vozila-209-l\/"},"modified":"2026-04-20T12:33:43","modified_gmt":"2026-04-20T12:33:43","slug":"rimula-r4-x-15w40-motorno-ulje-za-gospodarska-vozila-209-l","status":"publish","type":"product","link":"https:\/\/singuli.wpress.me\/index.php\/proizvod\/rimula-r4-x-15w40-motorno-ulje-za-gospodarska-vozila-209-l\/","title":{"rendered":"RIMULA R4 X 15W40 , motorno ulje za gospodarska vozila, 209\u00a0l"},"content":{"rendered":"<p>Shell Rimula R4 X koristi najnovije aditive posljednje generacije kako bi osiguralo znatnu pobolj\u0161anu za\u0161titu motora u tri kriti\u010dna podru\u010dja: kontrola korozivnih kiselina, kontrola tro\u0161enja motora i kontrola taloga. <\/p>\n<p>Poma\u017ee da se smanje tro\u0161kovi odr\u017eavanja, smanji potro\u0161nja goriva i pove\u0107a pouzdanost vozila. <\/p>\n<p>Pogodno za ve\u0107inu te\u0161ko optere\u0107enih dizel motora, sa ili bez turbo punja\u010da, motore za vozila u cestovnom transportu, gra\u0111evinske strojeve i udovoljavaju mnogim OEM proizvo\u0111a\u010dima motora. <\/p>\n<p>Specifikacija: ACEA E7\/ E5\/ E3; API CI-4\/ CH-4\/ SL; MB 228.3; MAN 3275-1; DDC 93K215; Volvo VDS-3; Cummins CES 20078\/ 77\/ 76\/ 75\/ 72\/ 71; Mack EO-N\/EO-M\/ EO-M+; Caterpillar ECF-2\/ ECF-1-A; IVECO T1; Global DHD-1; Deutz DQC III-18; JASO DH-1; MTU Cat.2; Renault RLD 2; CNH MAT 3520.<\/p>\n","protected":false},"excerpt":{"rendered":"<p>Koristi najnovije aditive posljednje generacije<br \/>\nZa dizelske motore te\u0161kih gospodarskih vozila<br \/>\nza dizelske motore gra\u0111evinskih strojeva<\/p>\n","protected":false},"featured_media":0,"template":"","meta":{"_seopress_robots_primary_cat":"","_seopress_titles_title":"","_seopress_titles_desc":"","_seopress_robots_index":"","iawp_total_views":0},"product_brand":[469],"product_cat":[243,276,272],"product_tag":[],"class_list":{"0":"post-42146","1":"product","2":"type-product","3":"status-publish","5":"product_brand-rimula","6":"product_cat-automobili-i-motori","7":"product_cat-industrijska-i-specijalna-ulja-243","8":"product_cat-motorna-ulja-243","10":"first","11":"instock","12":"shipping-taxable","13":"purchasable","14":"product-type-simple"},"_links":{"self":[{"href":"https:\/\/singuli.wpress.me\/index.php\/wp-json\/wp\/v2\/product\/42146","targetHints":{"allow":["GET"]}}],"collection":[{"href":"https:\/\/singuli.wpress.me\/index.php\/wp-json\/wp\/v2\/product"}],"about":[{"href":"https:\/\/singuli.wpress.me\/index.php\/wp-json\/wp\/v2\/types\/product"}],"version-history":[{"count":0,"href":"https:\/\/singuli.wpress.me\/index.php\/wp-json\/wp\/v2\/product\/42146\/revisions"}],"wp:attachment":[{"href":"https:\/\/singuli.wpress.me\/index.php\/wp-json\/wp\/v2\/media?parent=42146"}],"wp:term":[{"taxonomy":"product_brand","embeddable":true,"href":"https:\/\/singuli.wpress.me\/index.php\/wp-json\/wp\/v2\/product_brand?post=42146"},{"taxonomy":"product_cat","embeddable":true,"href":"https:\/\/singuli.wpress.me\/index.php\/wp-json\/wp\/v2\/product_cat?post=42146"},{"taxonomy":"product_tag","embeddable":true,"href":"https:\/\/singuli.wpress.me\/index.php\/wp-json\/wp\/v2\/product_tag?post=42146"}],"curies":[{"name":"wp","href":"https:\/\/api.w.org\/{rel}","templated":true}]}}