{"id":42147,"date":"2026-04-19T15:25:55","date_gmt":"2026-04-19T15:25:55","guid":{"rendered":"https:\/\/singuli.wpress.me\/index.php\/proizvod\/oral-b-allrounder-black-klasicna-1-zubna-cetkica\/"},"modified":"2026-04-20T12:33:43","modified_gmt":"2026-04-20T12:33:43","slug":"oral-b-allrounder-black-klasicna-1-zubna-cetkica","status":"publish","type":"product","link":"https:\/\/singuli.wpress.me\/index.php\/proizvod\/oral-b-allrounder-black-klasicna-1-zubna-cetkica\/","title":{"rendered":"ORAL-B Allrounder Black Klasi\u010dna 1, zubna \u010detkica"},"content":{"rendered":"<p>Klasi\u010dna zubna \u010detkica Oral-B Allrounder Black ima vlakna poredana u obliku \u010da\u0161ice kako bi \u0161to bolje o\u010distila prostor izme\u0111u zuba i uz liniju desni.<\/p>\n","protected":false},"excerpt":{"rendered":"<p>Klasi\u010dna zubna \u010detkica<br \/>\nVlakna poredana u obliku \u010da\u0161ice<br \/>\nVlakna poma\u017eu \u0161to boljem \u010di\u0161\u0107enju prostora zuba i uz liniju desni<\/p>\n","protected":false},"featured_media":0,"template":"","meta":{"_seopress_robots_primary_cat":"","_seopress_titles_title":"","_seopress_titles_desc":"","_seopress_robots_index":"","iawp_total_views":0},"product_brand":[423],"product_cat":[192,208,207],"product_tag":[],"class_list":{"0":"post-42147","1":"product","2":"type-product","3":"status-publish","5":"product_brand-oral-b-2","6":"product_cat-aparati-za-osobnu-njegu","7":"product_cat-elektricne-i-manualne-cetkice-za-odrasle-i-djecu","8":"product_cat-oralna-higijena","10":"first","11":"instock","12":"shipping-taxable","13":"purchasable","14":"product-type-simple"},"_links":{"self":[{"href":"https:\/\/singuli.wpress.me\/index.php\/wp-json\/wp\/v2\/product\/42147","targetHints":{"allow":["GET"]}}],"collection":[{"href":"https:\/\/singuli.wpress.me\/index.php\/wp-json\/wp\/v2\/product"}],"about":[{"href":"https:\/\/singuli.wpress.me\/index.php\/wp-json\/wp\/v2\/types\/product"}],"version-history":[{"count":0,"href":"https:\/\/singuli.wpress.me\/index.php\/wp-json\/wp\/v2\/product\/42147\/revisions"}],"wp:attachment":[{"href":"https:\/\/singuli.wpress.me\/index.php\/wp-json\/wp\/v2\/media?parent=42147"}],"wp:term":[{"taxonomy":"product_brand","embeddable":true,"href":"https:\/\/singuli.wpress.me\/index.php\/wp-json\/wp\/v2\/product_brand?post=42147"},{"taxonomy":"product_cat","embeddable":true,"href":"https:\/\/singuli.wpress.me\/index.php\/wp-json\/wp\/v2\/product_cat?post=42147"},{"taxonomy":"product_tag","embeddable":true,"href":"https:\/\/singuli.wpress.me\/index.php\/wp-json\/wp\/v2\/product_tag?post=42147"}],"curies":[{"name":"wp","href":"https:\/\/api.w.org\/{rel}","templated":true}]}}