{"id":42148,"date":"2026-04-19T15:25:55","date_gmt":"2026-04-19T15:25:55","guid":{"rendered":"https:\/\/singuli.wpress.me\/index.php\/proizvod\/twistshake-susilo-za-bocice\/"},"modified":"2026-04-20T12:33:43","modified_gmt":"2026-04-20T12:33:43","slug":"twistshake-susilo-za-bocice","status":"publish","type":"product","link":"https:\/\/singuli.wpress.me\/index.php\/proizvod\/twistshake-susilo-za-bocice\/","title":{"rendered":"TWISTSHAKE, su\u0161ilo za bo\u010dice"},"content":{"rendered":"<p>Twistshake su\u0161ilo za bo\u010dice koje savr\u0161eno odgovara va\u0161im bo\u010dicama, sisa\u010dima i posudicama! Su\u0161ilo su dizajnirali \u0161vedski stru\u010dnjaci kako bi kori\u0161tenjem Twistahke su\u0161ila kuhinje odr\u017eavali \u010distima i urednima, dok se va\u0161e bo\u010dice i njihovi dijelovi osu\u0161e na zraku. Twistshake su\u0161ilo se savr\u0161eno uklapa sa va\u0161im bo\u010dicama, sisa\u010dima i posudicama! Su\u0161ilo s produbljenim dnom \u010duva vodu na mjestu, osigurava da se teku\u0107ina ne proljeva i tako odr\u017eava va\u0161u kuhinju \u010distom. Sklopivi \u0161tapi\u010di za vje\u0161anje omogu\u0107uju vam jednostavno su\u0161enje bo\u010dica i njihovih dijelova.<\/p>\n","protected":false},"excerpt":{"rendered":"<p>Prikladno za istovremeno su\u0161enje do 8 bo\u010dica<br \/>\n\u0160tedi prostor i osigurava higijenu<br \/>\nPa\u017eljivo dizajniran<\/p>\n","protected":false},"featured_media":0,"template":"","meta":{"_seopress_robots_primary_cat":"","_seopress_titles_title":"","_seopress_titles_desc":"","_seopress_robots_index":"","iawp_total_views":0},"product_brand":[433],"product_cat":[211,286,287],"product_tag":[],"class_list":{"0":"post-42148","1":"product","2":"type-product","3":"status-publish","5":"product_brand-twistshake","6":"product_cat-njega-majke-i-djeteta","7":"product_cat-oprema-za-bebe-211","8":"product_cat-za-bebe-286","10":"first","11":"instock","12":"shipping-taxable","13":"purchasable","14":"product-type-simple"},"_links":{"self":[{"href":"https:\/\/singuli.wpress.me\/index.php\/wp-json\/wp\/v2\/product\/42148","targetHints":{"allow":["GET"]}}],"collection":[{"href":"https:\/\/singuli.wpress.me\/index.php\/wp-json\/wp\/v2\/product"}],"about":[{"href":"https:\/\/singuli.wpress.me\/index.php\/wp-json\/wp\/v2\/types\/product"}],"version-history":[{"count":0,"href":"https:\/\/singuli.wpress.me\/index.php\/wp-json\/wp\/v2\/product\/42148\/revisions"}],"wp:attachment":[{"href":"https:\/\/singuli.wpress.me\/index.php\/wp-json\/wp\/v2\/media?parent=42148"}],"wp:term":[{"taxonomy":"product_brand","embeddable":true,"href":"https:\/\/singuli.wpress.me\/index.php\/wp-json\/wp\/v2\/product_brand?post=42148"},{"taxonomy":"product_cat","embeddable":true,"href":"https:\/\/singuli.wpress.me\/index.php\/wp-json\/wp\/v2\/product_cat?post=42148"},{"taxonomy":"product_tag","embeddable":true,"href":"https:\/\/singuli.wpress.me\/index.php\/wp-json\/wp\/v2\/product_tag?post=42148"}],"curies":[{"name":"wp","href":"https:\/\/api.w.org\/{rel}","templated":true}]}}