{"id":42150,"date":"2026-04-19T15:25:56","date_gmt":"2026-04-19T15:25:56","guid":{"rendered":"https:\/\/singuli.wpress.me\/index.php\/proizvod\/oral-b-io10-elektricna-cetkica-za-zube-cosmic-crna-2\/"},"modified":"2026-04-20T12:33:43","modified_gmt":"2026-04-20T12:33:43","slug":"oral-b-io10-elektricna-cetkica-za-zube-cosmic-crna-2","status":"publish","type":"product","link":"https:\/\/singuli.wpress.me\/index.php\/proizvod\/oral-b-io10-elektricna-cetkica-za-zube-cosmic-crna-2\/","title":{"rendered":"ORAL-B iO10, elektri\u010dna \u010detkica za zube, cosmic crna"},"content":{"rendered":"<p><img decoding=\"async\" src=\"https:\/\/prod-minio-orbico.nd0.pl\/orbico.ohr\/Rich%20content\/02.jpg\" style=\"max-width: 100%;height: auto\" alt=\"Oral-B 2\"><br \/>\n<img decoding=\"async\" src=\"https:\/\/prod-minio-orbico.nd0.pl\/orbico.ohr\/Rich%20content\/06%201.jpg\" style=\"max-width: 100%;height: auto\" alt=\"Oral-B 4\"><br \/>\n<img decoding=\"async\" src=\"https:\/\/prod-minio-orbico.nd0.pl\/orbico.ohr\/Rich%20content\/07%201.jpg\" style=\"max-width: 100%;height: auto\" alt=\"Oral-B 5\"><br \/>\n<img decoding=\"async\" src=\"https:\/\/prod-minio-orbico.nd0.pl\/orbico.ohr\/Rich%20content\/08%201.jpg\" style=\"max-width: 100%;height: auto\" alt=\"Oral-B 7\"><br \/>\n<img decoding=\"async\" src=\"https:\/\/prod-minio-orbico.nd0.pl\/orbico.ohr\/Rich%20content\/09%201.jpg\" style=\"max-width: 100%;height: auto\" alt=\"Oral-B 8\"><br \/>\n<img decoding=\"async\" src=\"https:\/\/prod-minio-orbico.nd0.pl\/orbico.ohr\/Rich%20content\/10%201.jpg\" style=\"max-width: 100%;height: auto\" alt=\"Oral-B 9\"><br \/>\n<img decoding=\"async\" src=\"https:\/\/prod-minio-orbico.nd0.pl\/orbico.ohr\/Rich%20content\/11%201.jpg\" style=\"max-width: 100%;height: auto\" alt=\"Oral-B 10\"><br \/>\n<img decoding=\"async\" src=\"https:\/\/prod-minio-orbico.nd0.pl\/orbico.ohr\/Rich%20content\/12%201.jpg\" style=\"max-width: 100%;height: auto\" alt=\"Oral-B 11\"><br \/>\n<img decoding=\"async\" src=\"https:\/\/prod-minio-orbico.nd0.pl\/orbico.ohr\/Rich%20content\/13.jpg\" style=\"max-width: 100%;height: auto\" alt=\"Oral-B 12\"><\/p>\n","protected":false},"excerpt":{"rendered":"<p>Oral-B naju\u010dinkovitije \u010di\u0161\u0107enje s revolucionarnom iO magnetskom tehnologijom<br \/>\n8 pametnih na\u010dina rada: svakodnevno \u010di\u0161\u0107enje, nje\u017eno, njega desni, intenzivno \u010di\u0161\u0107enje, izbjeljivanje, iznimno nje\u017eno, \u010di\u0161\u0107enje jezika<br \/>\nSadr\u017eaj: 1 dr\u0161ka iO10 s glavom \u010detkice Ultimate Clean, 1 putni etui-punja\u010d, 1 pametni punja\u010d iO Sense za brzo 3-satno punjenje, 1 dr\u017ea\u010d zamjenjivih glava<\/p>\n","protected":false},"featured_media":0,"template":"","meta":{"_seopress_robots_primary_cat":"","_seopress_titles_title":"","_seopress_titles_desc":"","_seopress_robots_index":"","iawp_total_views":0},"product_brand":[423],"product_cat":[293,192,292],"product_tag":[],"class_list":{"0":"post-42150","1":"product","2":"type-product","3":"status-publish","5":"product_brand-oral-b-2","6":"product_cat-aparati-za-djecu-i-odrasle-292","7":"product_cat-aparati-za-osobnu-njegu","8":"product_cat-oralna-higijena-uredaji-192","10":"first","11":"instock","12":"shipping-taxable","13":"purchasable","14":"product-type-simple"},"_links":{"self":[{"href":"https:\/\/singuli.wpress.me\/index.php\/wp-json\/wp\/v2\/product\/42150","targetHints":{"allow":["GET"]}}],"collection":[{"href":"https:\/\/singuli.wpress.me\/index.php\/wp-json\/wp\/v2\/product"}],"about":[{"href":"https:\/\/singuli.wpress.me\/index.php\/wp-json\/wp\/v2\/types\/product"}],"version-history":[{"count":0,"href":"https:\/\/singuli.wpress.me\/index.php\/wp-json\/wp\/v2\/product\/42150\/revisions"}],"wp:attachment":[{"href":"https:\/\/singuli.wpress.me\/index.php\/wp-json\/wp\/v2\/media?parent=42150"}],"wp:term":[{"taxonomy":"product_brand","embeddable":true,"href":"https:\/\/singuli.wpress.me\/index.php\/wp-json\/wp\/v2\/product_brand?post=42150"},{"taxonomy":"product_cat","embeddable":true,"href":"https:\/\/singuli.wpress.me\/index.php\/wp-json\/wp\/v2\/product_cat?post=42150"},{"taxonomy":"product_tag","embeddable":true,"href":"https:\/\/singuli.wpress.me\/index.php\/wp-json\/wp\/v2\/product_tag?post=42150"}],"curies":[{"name":"wp","href":"https:\/\/api.w.org\/{rel}","templated":true}]}}