{"id":42155,"date":"2026-04-19T15:25:58","date_gmt":"2026-04-19T15:25:58","guid":{"rendered":"https:\/\/singuli.wpress.me\/index.php\/proizvod\/tuban-set-za-mjehurice-tanjur-prsten-i-250-ml-tekucine\/"},"modified":"2026-04-20T12:33:43","modified_gmt":"2026-04-20T12:33:43","slug":"tuban-set-za-mjehurice-tanjur-prsten-i-250-ml-tekucine","status":"publish","type":"product","link":"https:\/\/singuli.wpress.me\/index.php\/proizvod\/tuban-set-za-mjehurice-tanjur-prsten-i-250-ml-tekucine\/","title":{"rendered":"TUBAN, set za mjehuri\u0107e, tanjur prsten i 250 ml teku\u0107ine"},"content":{"rendered":"<p>Mali set za velike mjehuri\u0107e sadr\u017ei prsten za izradu mjehuri\u0107a, 250 ml Tuban teku\u0107ine za velike mjehuri\u0107e i tanjur za teku\u0107inu.<\/p>\n<p>Dob: 3+<\/p>\n","protected":false},"excerpt":{"rendered":"<p>Set sadr\u017ei prsten, tanjuri\u0107 i teku\u0107inu za mjehuri\u0107e<br \/>\nUz set dolazi 250 ml teku\u0107ine za mjehuri\u0107e<br \/>\nDob: 3+<\/p>\n","protected":false},"featured_media":0,"template":"","meta":{"_seopress_robots_primary_cat":"","_seopress_titles_title":"","_seopress_titles_desc":"","_seopress_robots_index":"","iawp_total_views":0},"product_brand":[492],"product_cat":[274,238],"product_tag":[],"class_list":{"0":"post-42155","1":"product","2":"type-product","3":"status-publish","5":"product_brand-tuban","6":"product_cat-kucanski-pribor-238","7":"product_cat-sve-za-dom","9":"first","10":"instock","11":"shipping-taxable","12":"purchasable","13":"product-type-simple"},"_links":{"self":[{"href":"https:\/\/singuli.wpress.me\/index.php\/wp-json\/wp\/v2\/product\/42155","targetHints":{"allow":["GET"]}}],"collection":[{"href":"https:\/\/singuli.wpress.me\/index.php\/wp-json\/wp\/v2\/product"}],"about":[{"href":"https:\/\/singuli.wpress.me\/index.php\/wp-json\/wp\/v2\/types\/product"}],"version-history":[{"count":0,"href":"https:\/\/singuli.wpress.me\/index.php\/wp-json\/wp\/v2\/product\/42155\/revisions"}],"wp:attachment":[{"href":"https:\/\/singuli.wpress.me\/index.php\/wp-json\/wp\/v2\/media?parent=42155"}],"wp:term":[{"taxonomy":"product_brand","embeddable":true,"href":"https:\/\/singuli.wpress.me\/index.php\/wp-json\/wp\/v2\/product_brand?post=42155"},{"taxonomy":"product_cat","embeddable":true,"href":"https:\/\/singuli.wpress.me\/index.php\/wp-json\/wp\/v2\/product_cat?post=42155"},{"taxonomy":"product_tag","embeddable":true,"href":"https:\/\/singuli.wpress.me\/index.php\/wp-json\/wp\/v2\/product_tag?post=42155"}],"curies":[{"name":"wp","href":"https:\/\/api.w.org\/{rel}","templated":true}]}}