{"id":42158,"date":"2026-04-19T15:26:00","date_gmt":"2026-04-19T15:26:00","guid":{"rendered":"https:\/\/singuli.wpress.me\/index.php\/proizvod\/wc-net-energy-descaler-gel-za-ciscenje-wc-skoljke-750-ml\/"},"modified":"2026-04-20T12:33:43","modified_gmt":"2026-04-20T12:33:43","slug":"wc-net-energy-descaler-gel-za-ciscenje-wc-skoljke-750-ml","status":"publish","type":"product","link":"https:\/\/singuli.wpress.me\/index.php\/proizvod\/wc-net-energy-descaler-gel-za-ciscenje-wc-skoljke-750-ml\/","title":{"rendered":"WC NET Energy Descaler, gel za \u010di\u0161\u0107enje WC \u0161koljke, 750\u00a0ml"},"content":{"rendered":"<p>Gel formula eliminira 100% kamenca te poma\u017ee u sprje\u010davanju ponovnog nakupljanja. <\/p>\n<p>Savr\u0161eno prianja uz stijenku WC \u0161koljke te osigurava dugotrajnu higijenu.<\/p>\n<p>Ostavlja Va\u0161 WC \u010distim i sjajnim \u010dak i ispod ruba WC \u0161koljke.<\/p>\n","protected":false},"excerpt":{"rendered":"<p>Eliminira 100% kamenca<br \/>\nPoma\u017ee u sprje\u010davanju ponovnog nakupljanja<br \/>\nOsigurava dugotrajnu higijenu<\/p>\n","protected":false},"featured_media":0,"template":"","meta":{"_seopress_robots_primary_cat":"","_seopress_titles_title":"","_seopress_titles_desc":"","_seopress_robots_index":"","iawp_total_views":0},"product_brand":[778],"product_cat":[284,238],"product_tag":[],"class_list":{"0":"post-42158","1":"product","2":"type-product","3":"status-publish","5":"product_brand-wc-net","6":"product_cat-sredstva-za-ciscenje-238","7":"product_cat-sve-za-dom","9":"first","10":"instock","11":"shipping-taxable","12":"purchasable","13":"product-type-simple"},"_links":{"self":[{"href":"https:\/\/singuli.wpress.me\/index.php\/wp-json\/wp\/v2\/product\/42158","targetHints":{"allow":["GET"]}}],"collection":[{"href":"https:\/\/singuli.wpress.me\/index.php\/wp-json\/wp\/v2\/product"}],"about":[{"href":"https:\/\/singuli.wpress.me\/index.php\/wp-json\/wp\/v2\/types\/product"}],"version-history":[{"count":0,"href":"https:\/\/singuli.wpress.me\/index.php\/wp-json\/wp\/v2\/product\/42158\/revisions"}],"wp:attachment":[{"href":"https:\/\/singuli.wpress.me\/index.php\/wp-json\/wp\/v2\/media?parent=42158"}],"wp:term":[{"taxonomy":"product_brand","embeddable":true,"href":"https:\/\/singuli.wpress.me\/index.php\/wp-json\/wp\/v2\/product_brand?post=42158"},{"taxonomy":"product_cat","embeddable":true,"href":"https:\/\/singuli.wpress.me\/index.php\/wp-json\/wp\/v2\/product_cat?post=42158"},{"taxonomy":"product_tag","embeddable":true,"href":"https:\/\/singuli.wpress.me\/index.php\/wp-json\/wp\/v2\/product_tag?post=42158"}],"curies":[{"name":"wp","href":"https:\/\/api.w.org\/{rel}","templated":true}]}}