{"id":42159,"date":"2026-04-19T15:26:00","date_gmt":"2026-04-19T15:26:00","guid":{"rendered":"https:\/\/singuli.wpress.me\/index.php\/proizvod\/natureta-umak-s-povrcem-280-g\/"},"modified":"2026-04-20T12:33:43","modified_gmt":"2026-04-20T12:33:43","slug":"natureta-umak-s-povrcem-280-g","status":"publish","type":"product","link":"https:\/\/singuli.wpress.me\/index.php\/proizvod\/natureta-umak-s-povrcem-280-g\/","title":{"rendered":"NATURETA, umak, s povr\u0107em, 280\u00a0g"},"content":{"rendered":"<p>Pomno odabrano zape\u010deno mediteransko povr\u0107e s komadi\u0107ima raj\u010dice zasigurno \u0107e zadovoljiti i najzahtjevnije nepce. <\/p>\n<p>Pogodan je i za vegetarijance jer ne sadr\u017ei sastojke \u017eivotinjskog podrijetla. <\/p>\n<p>Odli\u010dno ide uz tjesteninu, ri\u017eu, meso i mnoga druga jela. <\/p>\n<p>Natureta se pobrinula i za jednostavnu pripremu. Samo ga zagrijte i u\u017eivajte.<\/p>\n","protected":false},"excerpt":{"rendered":"<p>Izvrstan okus<br \/>\nTradicionalna receptura<br \/>\nJednostavna priprema<\/p>\n","protected":false},"featured_media":0,"template":"","meta":{"_seopress_robots_primary_cat":"","_seopress_titles_title":"","_seopress_titles_desc":"","_seopress_robots_index":"","iawp_total_views":0},"product_brand":[811],"product_cat":[261,299],"product_tag":[],"class_list":{"0":"post-42159","1":"product","2":"type-product","3":"status-publish","5":"product_brand-natureta","6":"product_cat-hrana-i-pice","7":"product_cat-konzervirana-i-gotova-hrana-261","9":"first","10":"outofstock","11":"shipping-taxable","12":"purchasable","13":"product-type-simple"},"_links":{"self":[{"href":"https:\/\/singuli.wpress.me\/index.php\/wp-json\/wp\/v2\/product\/42159","targetHints":{"allow":["GET"]}}],"collection":[{"href":"https:\/\/singuli.wpress.me\/index.php\/wp-json\/wp\/v2\/product"}],"about":[{"href":"https:\/\/singuli.wpress.me\/index.php\/wp-json\/wp\/v2\/types\/product"}],"version-history":[{"count":0,"href":"https:\/\/singuli.wpress.me\/index.php\/wp-json\/wp\/v2\/product\/42159\/revisions"}],"wp:attachment":[{"href":"https:\/\/singuli.wpress.me\/index.php\/wp-json\/wp\/v2\/media?parent=42159"}],"wp:term":[{"taxonomy":"product_brand","embeddable":true,"href":"https:\/\/singuli.wpress.me\/index.php\/wp-json\/wp\/v2\/product_brand?post=42159"},{"taxonomy":"product_cat","embeddable":true,"href":"https:\/\/singuli.wpress.me\/index.php\/wp-json\/wp\/v2\/product_cat?post=42159"},{"taxonomy":"product_tag","embeddable":true,"href":"https:\/\/singuli.wpress.me\/index.php\/wp-json\/wp\/v2\/product_tag?post=42159"}],"curies":[{"name":"wp","href":"https:\/\/api.w.org\/{rel}","templated":true}]}}