{"id":42164,"date":"2026-04-19T15:26:01","date_gmt":"2026-04-19T15:26:01","guid":{"rendered":"https:\/\/singuli.wpress.me\/index.php\/proizvod\/braun-bt-32-umak-za-tjesteninu\/"},"modified":"2026-04-20T12:33:43","modified_gmt":"2026-04-20T12:33:43","slug":"braun-bt-32-umak-za-tjesteninu","status":"publish","type":"product","link":"https:\/\/singuli.wpress.me\/index.php\/proizvod\/braun-bt-32-umak-za-tjesteninu\/","title":{"rendered":"BRAUN BT 32, umak za tjesteninu"},"content":{"rendered":"<p>Postavite jedan od pet \u010de\u0161lji\u0107a na glavu trimera i odmah zapo\u010dnite s oblikovanjem brade u omiljenom stilu. \u010ce\u0161lji\u0107i pokrivaju raspon duljina od 1 do 7 mm, pru\u017eaju\u0107i vam fleksibilnost u jednostavnom odr\u017eavanju \u017eeljenog izgleda: bez obzira radi li se o mu\u017eevnoj 3-dnevnoj bradi ili o le\u017eernom izgledu kao da ste presko\u010dili jedan dan brijanja \u2013 izbor je sada va\u0161.<\/p>\n","protected":false},"excerpt":{"rendered":"<p>Kompatibilno s novom i starom generacijom brija\u0107ih aparata iz Series 3<br \/>\nUjedna\u010deno podrezivanje, za svaki stil.<br \/>\nPrecizno oblikovanje kontura<\/p>\n","protected":false},"featured_media":0,"template":"","meta":{"_seopress_robots_primary_cat":"","_seopress_titles_title":"","_seopress_titles_desc":"","_seopress_robots_index":"","iawp_total_views":0},"product_brand":[144],"product_cat":[280,192,279],"product_tag":[],"class_list":{"0":"post-42164","1":"product","2":"type-product","3":"status-publish","5":"product_brand-braun","6":"product_cat-aparati-za-muskarce-279","7":"product_cat-aparati-za-osobnu-njegu","8":"product_cat-brijanje-i-sisanje-192","10":"first","11":"outofstock","12":"shipping-taxable","13":"purchasable","14":"product-type-simple"},"_links":{"self":[{"href":"https:\/\/singuli.wpress.me\/index.php\/wp-json\/wp\/v2\/product\/42164","targetHints":{"allow":["GET"]}}],"collection":[{"href":"https:\/\/singuli.wpress.me\/index.php\/wp-json\/wp\/v2\/product"}],"about":[{"href":"https:\/\/singuli.wpress.me\/index.php\/wp-json\/wp\/v2\/types\/product"}],"version-history":[{"count":0,"href":"https:\/\/singuli.wpress.me\/index.php\/wp-json\/wp\/v2\/product\/42164\/revisions"}],"wp:attachment":[{"href":"https:\/\/singuli.wpress.me\/index.php\/wp-json\/wp\/v2\/media?parent=42164"}],"wp:term":[{"taxonomy":"product_brand","embeddable":true,"href":"https:\/\/singuli.wpress.me\/index.php\/wp-json\/wp\/v2\/product_brand?post=42164"},{"taxonomy":"product_cat","embeddable":true,"href":"https:\/\/singuli.wpress.me\/index.php\/wp-json\/wp\/v2\/product_cat?post=42164"},{"taxonomy":"product_tag","embeddable":true,"href":"https:\/\/singuli.wpress.me\/index.php\/wp-json\/wp\/v2\/product_tag?post=42164"}],"curies":[{"name":"wp","href":"https:\/\/api.w.org\/{rel}","templated":true}]}}