{"id":42165,"date":"2026-04-19T15:26:02","date_gmt":"2026-04-19T15:26:02","guid":{"rendered":"https:\/\/singuli.wpress.me\/index.php\/proizvod\/bison-montagekit-super-montazno-ljepilo-350-g\/"},"modified":"2026-04-21T00:27:15","modified_gmt":"2026-04-21T00:27:15","slug":"bison-montagekit-super-montazno-ljepilo-350-g","status":"publish","type":"product","link":"https:\/\/singuli.wpress.me\/index.php\/proizvod\/bison-montagekit-super-montazno-ljepilo-350-g\/","title":{"rendered":"BISON Montagekit Super monta\u017eno, ljepilo, 350\u00a0g"},"content":{"rendered":"<p>Iznimno sna\u017eno, univerzalno, monta\u017eno ljepilo na bazi neoprenske gume, sa svojstvom popunjavanja.<\/p>\n<p>Za jednostavno i sna\u017eno u\u010dvr\u0161\u0107ivanje npr. drva, sintetike, metala, kamena, gipsa i plo\u010dica na razne vrste podloga kao \u0161to su beton, kamen, \u017ebuka, drvo, iverica, metal i sintetika. <\/p>\n<p>Za unutarnju i vanjsku upotrebu te prikladno za u\u010dvr\u0161\u0107ivanje materijala koji su napeti. <\/p>\n<p>Trajno elasti\u010dno. Bez potrebe za \u010davlima i vijcima<\/p>\n","protected":false},"excerpt":{"rendered":"<p>Iznimno sna\u017eno<br \/>\nZa unutarnju i vanjsku upotrebu<br \/>\nTrajno elasti\u010dno<\/p>\n","protected":false},"featured_media":0,"template":"","meta":{"_seopress_robots_primary_cat":"","_seopress_titles_title":"","_seopress_titles_desc":"","_seopress_robots_index":"","iawp_total_views":0},"product_brand":[494],"product_cat":[264,238],"product_tag":[],"class_list":{"0":"post-42165","1":"product","2":"type-product","3":"status-publish","5":"product_brand-bison","6":"product_cat-ljepila-i-brtvila-238","7":"product_cat-sve-za-dom","9":"first","10":"instock","11":"shipping-taxable","12":"purchasable","13":"product-type-simple"},"_links":{"self":[{"href":"https:\/\/singuli.wpress.me\/index.php\/wp-json\/wp\/v2\/product\/42165","targetHints":{"allow":["GET"]}}],"collection":[{"href":"https:\/\/singuli.wpress.me\/index.php\/wp-json\/wp\/v2\/product"}],"about":[{"href":"https:\/\/singuli.wpress.me\/index.php\/wp-json\/wp\/v2\/types\/product"}],"version-history":[{"count":0,"href":"https:\/\/singuli.wpress.me\/index.php\/wp-json\/wp\/v2\/product\/42165\/revisions"}],"wp:attachment":[{"href":"https:\/\/singuli.wpress.me\/index.php\/wp-json\/wp\/v2\/media?parent=42165"}],"wp:term":[{"taxonomy":"product_brand","embeddable":true,"href":"https:\/\/singuli.wpress.me\/index.php\/wp-json\/wp\/v2\/product_brand?post=42165"},{"taxonomy":"product_cat","embeddable":true,"href":"https:\/\/singuli.wpress.me\/index.php\/wp-json\/wp\/v2\/product_cat?post=42165"},{"taxonomy":"product_tag","embeddable":true,"href":"https:\/\/singuli.wpress.me\/index.php\/wp-json\/wp\/v2\/product_tag?post=42165"}],"curies":[{"name":"wp","href":"https:\/\/api.w.org\/{rel}","templated":true}]}}