{"id":42167,"date":"2026-04-19T15:26:02","date_gmt":"2026-04-19T15:26:02","guid":{"rendered":"https:\/\/singuli.wpress.me\/index.php\/proizvod\/bissell-pet-hair-eraser-rucni-usisavac\/"},"modified":"2026-04-21T00:27:15","modified_gmt":"2026-04-21T00:27:15","slug":"bissell-pet-hair-eraser-rucni-usisavac","status":"publish","type":"product","link":"https:\/\/singuli.wpress.me\/index.php\/proizvod\/bissell-pet-hair-eraser-rucni-usisavac\/","title":{"rendered":"BISSELL Pet Hair Eraser, ru\u010dni usisava\u010d"},"content":{"rendered":"<p>Vlasnici ku\u0107nih ljubimaca znaju da je malo nereda neizbje\u017eno. Nije bitno je li to dlaka na kau\u010du, prosuta hrana ili pijesak izvan ma\u010djeg WC-a \u2013 litij-ionski ru\u010dni usisava\u010d BISSELL\u00ae Pet Hair Eraser sve \u0107e to usisati. Lagan je, prakti\u010dan i ima litij-ionsku bateriju od 14,4 V koja omogu\u0107uje dulje \u010di\u0161\u0107enje s jednim punjenjem, pa je ovaj ru\u010dni usisava\u010d spreman za rad kad god ga trebate. Trostruka razina filtracije poma\u017ee da njegove performanse budu jo\u0161 bolje, a tu je i veliki spremnik za prljav\u0161tinu koji se lako \u010disti izme\u0111u kori\u0161tenja. Ru\u010dni usisava\u010d Pet Hair Eraser dolazi s posebnim nastavcima, idealnima za vlasnike ku\u0107nih ljubimaca. Motorizirana \u010detka, nastavak za \u010di\u0161\u0107enje tapeciranog namje\u0161taja i nastavak za uske prostore, mogu \u010distiti za ku\u0107nim ljubimcem u gotovo svim dijelovima va\u0161eg doma.<\/p>\n<p>Svaka kupovina proizvoda BISSELL poma\u017ee spasiti ku\u0107ne ljubimce. BISSELL\u00ae ponosno podr\u017eava zakladu BISSELL Pet Foundation\u00ae i njezinu misiju u spa\u0161avanju ljubimaca koji su u potrazi za domom.<\/p>\n<p>Klju\u010dne karakteristike:<br \/>\n&#8211; Ru\u010dni usisava\u010d MultiClean prijenosan je i u\u010dinkovit te posebno osmi\u0161ljen za \u010di\u0161\u0107enje najrazli\u010ditijih neo\u010dekivanih zaprljanja u re\u017eiji ku\u0107nih ljubimaca, bilo kada i bilo gdje.<br \/>\n&#8211; Litij-ionska baterija od 14,4 V osigurava do 15 minuta rada za \u010di\u0161\u0107enje cijelog automobila.<br \/>\n&#8211; Motorizirana \u010detka i dva specijalizirana nastavka \u2013 za sna\u017enije usisavanje i temeljito \u010di\u0161\u0107enje gdje god vam zatreba.<br \/>\n&#8211; Lagan i kompaktan.<\/p>\n<p>Sada se sa samo jednim prakti\u010dnim usisava\u010dem mo\u017eete pobrinuti za sve dlake koje va\u0161 ljubimac ostavlja za sobom. Zahvaljuju\u0107i sna\u017enoj litij-ionskoj bateriji od 14 V, ovaj ru\u010dni ure\u0111aj ima sna\u017ean usis i dugo vrijeme rada. Njegova motorizirana \u010detka, posebno osmi\u0161ljena za pomo\u0107 pri uklanjanju prljav\u0161tine i ostataka koji se \u010dvrsto hvataju za povr\u0161inu, o\u010distit \u0107e va\u0161 automobil i tapecirani namje\u0161taj od dlaka ku\u0107nih ljubimaca. Tu su i posebni nastavci za \u010di\u0161\u0107enje te\u0161ko dostupnih podru\u010dja va\u0161eg automobila: klasi\u010dni uski nastavak s LED osvjetljenjem da bolje vidite i skrivene zakutke te fleksibilni uski nastavak koji se mo\u017ee zavu\u0107i izme\u0111u sjedala i u druga te\u017ee pristupa\u010dna mjesta. Sljede\u0107i put kad budete \u010distili unutra\u0161njost automobila, olak\u0161ajte si posao.<\/p>\n","protected":false},"excerpt":{"rendered":"<p>Lagan je, prakti\u010dan i ima litij-ionsku bateriju od 14,4 V<br \/>\nMotorizirana \u010detka i dva specijalizirana nastavka<br \/>\nPrijenosan je i u\u010dinkovit te posebno osmi\u0161ljen za \u010di\u0161\u0107enje najrazli\u010ditijih neo\u010dekivanih zaprljanja u re\u017eiji ku\u0107nih ljubimaca<\/p>\n","protected":false},"featured_media":0,"template":"","meta":{"_seopress_robots_primary_cat":"","_seopress_titles_title":"","_seopress_titles_desc":"","_seopress_robots_index":"","iawp_total_views":0},"product_brand":[819],"product_cat":[160,271],"product_tag":[],"class_list":{"0":"post-42167","1":"product","2":"type-product","3":"status-publish","5":"product_brand-bissell","6":"product_cat-mali-kucanski-aparati","7":"product_cat-usisavaci-i-ciscenje-160","9":"first","10":"outofstock","11":"shipping-taxable","12":"purchasable","13":"product-type-simple"},"_links":{"self":[{"href":"https:\/\/singuli.wpress.me\/index.php\/wp-json\/wp\/v2\/product\/42167","targetHints":{"allow":["GET"]}}],"collection":[{"href":"https:\/\/singuli.wpress.me\/index.php\/wp-json\/wp\/v2\/product"}],"about":[{"href":"https:\/\/singuli.wpress.me\/index.php\/wp-json\/wp\/v2\/types\/product"}],"version-history":[{"count":0,"href":"https:\/\/singuli.wpress.me\/index.php\/wp-json\/wp\/v2\/product\/42167\/revisions"}],"wp:attachment":[{"href":"https:\/\/singuli.wpress.me\/index.php\/wp-json\/wp\/v2\/media?parent=42167"}],"wp:term":[{"taxonomy":"product_brand","embeddable":true,"href":"https:\/\/singuli.wpress.me\/index.php\/wp-json\/wp\/v2\/product_brand?post=42167"},{"taxonomy":"product_cat","embeddable":true,"href":"https:\/\/singuli.wpress.me\/index.php\/wp-json\/wp\/v2\/product_cat?post=42167"},{"taxonomy":"product_tag","embeddable":true,"href":"https:\/\/singuli.wpress.me\/index.php\/wp-json\/wp\/v2\/product_tag?post=42167"}],"curies":[{"name":"wp","href":"https:\/\/api.w.org\/{rel}","templated":true}]}}