{"id":42169,"date":"2026-04-19T15:26:03","date_gmt":"2026-04-19T15:26:03","guid":{"rendered":"https:\/\/singuli.wpress.me\/index.php\/proizvod\/medex-omega-3-junior-sirup-140-ml\/"},"modified":"2026-04-20T12:33:43","modified_gmt":"2026-04-20T12:33:43","slug":"medex-omega-3-junior-sirup-140-ml","status":"publish","type":"product","link":"https:\/\/singuli.wpress.me\/index.php\/proizvod\/medex-omega-3-junior-sirup-140-ml\/","title":{"rendered":"MEDEX Omega-3 junior, sirup, 140\u00a0ml"},"content":{"rendered":"<p>Riblje je ulje odli\u010dna namirnica iako njegovim okusom i mirisom mnogi nisu odu\u0161evljeni. Ali sa sirupom Omega-3 junior sve je druga\u010dije!     Riblje ulje je va\u017ean izvor omega-3 nezasi\u0107enih masnih kiselina DHK, koje utje\u010de na rad mozga. U sirupu Omega-3 junior spojeno je s medom, sokom kru\u0161ke i limuna, a odli\u010dna je okusa i potpuno bez mirisa.<br \/>\nTijelo va\u0161e djece bit \u0107e zahvalno i dodanim vitaminima: Vitamin B12 doprinosi normalnom funcioniranju \u017eiv\u010danog sustava, normalnoj psiholo\u0161koj funkciji, smanjenju umora i iscrpljenosti te doprinosi normalnom stvaranju crvenih krvnih stanica. Vitamin D doprinosi odr\u017eavanju normalnih kostiju, zuba i normalnoj razini kalcija u krvi. Vitamin C doprinosi normalnom funkcioniranju \u017eiv\u010danog sustava i normalnoj psiholo\u0161koj funkciji, a oba doprinose normalnoj funkciji imunolo\u0161kog sustava. Vitamin A ima ulogu u metabolizmu \u017eeljeza i o\u010duvanju vida. Folat poma\u017ee u stvaranju krvi.<\/p>\n<p><span style=\"font-weight: bold\">Na\u010din primjene:<\/span> Preporu\u010dena dnevna doza jest 10 ml (2 prilo\u017eene \u017eli\u010dice po 5 ml). Djeca neka sirup uzmu nakon jela. Prije uporabe promu\u0107kati. Sirup razrijedite vodom, dodaje ga toplom \u010daju, soku ili drugoj teku\u0107ini. <\/p>\n<p>Sastojci u preporu\u010denoj dnevnoj dozi (2 \u017eli\u010dice = 10 ml= 13,6 g): med 10 g, riblje ulje 600 mg*, vitamin C (Laskorbinska kislina) 30 mg (37,5% PDU), vitamin E (\u03b1- tokoferol) 5 mg (41,7% PDU), vitamin A (retinil palmitat) 400 \u03bcg (50% PDU), folna kiselina 50 \u03bcg (25% PDU), vitamin D3 (kolekalciferol) 10 \u03bcg (200% PDU), vitamin B12 (cianokobalamin) 0,7 \u03bcg (28% PDU).<\/p>\n","protected":false},"excerpt":{"rendered":"<p>Izvor DHK i EPK omega-3 nezasi\u0107enih masnih kiselina. S odnosom DHK i EPK 5:1 (sli\u010dno kao u maj\u010dinom mlijeku). Bez mirisa i okusa ribljeg ulja.<br \/>\nS odnosom DHK i EPK 5:1 (sli\u010dno kao u maj\u010dinom mlijeku).<br \/>\nBez mirisa i okusa ribljeg ulja.<\/p>\n","protected":false},"featured_media":0,"template":"","meta":{"_seopress_robots_primary_cat":"","_seopress_titles_title":"","_seopress_titles_desc":"","_seopress_robots_index":"","iawp_total_views":0},"product_brand":[415],"product_cat":[268,269],"product_tag":[],"class_list":{"0":"post-42169","1":"product","2":"type-product","3":"status-publish","5":"product_brand-medex","6":"product_cat-kozmetika-2","7":"product_cat-zastita-koze-268","9":"first","10":"instock","11":"shipping-taxable","12":"purchasable","13":"product-type-simple"},"_links":{"self":[{"href":"https:\/\/singuli.wpress.me\/index.php\/wp-json\/wp\/v2\/product\/42169","targetHints":{"allow":["GET"]}}],"collection":[{"href":"https:\/\/singuli.wpress.me\/index.php\/wp-json\/wp\/v2\/product"}],"about":[{"href":"https:\/\/singuli.wpress.me\/index.php\/wp-json\/wp\/v2\/types\/product"}],"version-history":[{"count":0,"href":"https:\/\/singuli.wpress.me\/index.php\/wp-json\/wp\/v2\/product\/42169\/revisions"}],"wp:attachment":[{"href":"https:\/\/singuli.wpress.me\/index.php\/wp-json\/wp\/v2\/media?parent=42169"}],"wp:term":[{"taxonomy":"product_brand","embeddable":true,"href":"https:\/\/singuli.wpress.me\/index.php\/wp-json\/wp\/v2\/product_brand?post=42169"},{"taxonomy":"product_cat","embeddable":true,"href":"https:\/\/singuli.wpress.me\/index.php\/wp-json\/wp\/v2\/product_cat?post=42169"},{"taxonomy":"product_tag","embeddable":true,"href":"https:\/\/singuli.wpress.me\/index.php\/wp-json\/wp\/v2\/product_tag?post=42169"}],"curies":[{"name":"wp","href":"https:\/\/api.w.org\/{rel}","templated":true}]}}