{"id":42170,"date":"2026-04-19T15:26:05","date_gmt":"2026-04-19T15:26:05","guid":{"rendered":"https:\/\/singuli.wpress.me\/index.php\/proizvod\/disney-ariel-princeza\/"},"modified":"2026-04-20T12:33:43","modified_gmt":"2026-04-20T12:33:43","slug":"disney-ariel-princeza","status":"publish","type":"product","link":"https:\/\/singuli.wpress.me\/index.php\/proizvod\/disney-ariel-princeza\/","title":{"rendered":"DISNEY Ariel , princeza"},"content":{"rendered":"<p>Pustolovina vas \u010deka s Disney Princess lutkama!<\/p>\n<p>Upoznajte Ariel, inspiriranu odlu\u010dnom i samouvjerenom princezu iz Disneyjevog animiranog igranog filma \u201eMala sirena\u201c!<\/p>\n<p>Pravi obo\u017eavatelji \u0107e prepoznati haljinu koju nosi Disney lutka Ariel s jedinstvenim printom, autenti\u010dnim i svjetlucavim detaljima te cipelicama i tijarom koji daju da\u0161ak magije. Djeca \u0107e u\u017eivati u stiliziranju predivne, crvene i duge kose Ariel. <\/p>\n<p>Savr\u0161en je dar za djecu koja vole o\u017eiviti svoje omiljene filmske trenutke i zaroniti u svijet ma\u0161te!<\/p>\n<p>Skupi sve lutke Disneyjevih princeza za vrhunsku avanturu!<\/p>\n<p>Boje i dekoracije mogu se razlikovati.<\/p>\n","protected":false},"excerpt":{"rendered":"<p>Princeza Disney filmova<br \/>\nAriel je spremna za svaku avanturu<br \/>\nBoje i dekoracije mogu se razlikovati<\/p>\n","protected":false},"featured_media":0,"template":"","meta":{"_seopress_robots_primary_cat":"","_seopress_titles_title":"","_seopress_titles_desc":"","_seopress_robots_index":"","iawp_total_views":0},"product_brand":[522],"product_cat":[221,291],"product_tag":[],"class_list":{"0":"post-42170","1":"product","2":"type-product","3":"status-publish","5":"product_brand-disney","6":"product_cat-igracke","7":"product_cat-igracke-za-djecu-221","9":"first","10":"instock","11":"shipping-taxable","12":"purchasable","13":"product-type-simple"},"_links":{"self":[{"href":"https:\/\/singuli.wpress.me\/index.php\/wp-json\/wp\/v2\/product\/42170","targetHints":{"allow":["GET"]}}],"collection":[{"href":"https:\/\/singuli.wpress.me\/index.php\/wp-json\/wp\/v2\/product"}],"about":[{"href":"https:\/\/singuli.wpress.me\/index.php\/wp-json\/wp\/v2\/types\/product"}],"version-history":[{"count":0,"href":"https:\/\/singuli.wpress.me\/index.php\/wp-json\/wp\/v2\/product\/42170\/revisions"}],"wp:attachment":[{"href":"https:\/\/singuli.wpress.me\/index.php\/wp-json\/wp\/v2\/media?parent=42170"}],"wp:term":[{"taxonomy":"product_brand","embeddable":true,"href":"https:\/\/singuli.wpress.me\/index.php\/wp-json\/wp\/v2\/product_brand?post=42170"},{"taxonomy":"product_cat","embeddable":true,"href":"https:\/\/singuli.wpress.me\/index.php\/wp-json\/wp\/v2\/product_cat?post=42170"},{"taxonomy":"product_tag","embeddable":true,"href":"https:\/\/singuli.wpress.me\/index.php\/wp-json\/wp\/v2\/product_tag?post=42170"}],"curies":[{"name":"wp","href":"https:\/\/api.w.org\/{rel}","templated":true}]}}