{"id":42171,"date":"2026-04-19T15:26:05","date_gmt":"2026-04-19T15:26:05","guid":{"rendered":"https:\/\/singuli.wpress.me\/index.php\/proizvod\/braun-series-6-61-b1500s-brijaci-aparat\/"},"modified":"2026-04-20T12:33:43","modified_gmt":"2026-04-20T12:33:43","slug":"braun-series-6-61-b1500s-brijaci-aparat","status":"publish","type":"product","link":"https:\/\/singuli.wpress.me\/index.php\/proizvod\/braun-series-6-61-b1500s-brijaci-aparat\/","title":{"rendered":"BRAUN Series 6 61-B1500s, brija\u0107i aparat"},"content":{"rendered":"<p>&quot;Braun Series 6 61-B1500s elektri\u010dni aparat za brijanje s trimerom za mokru i suhu bradu<br \/>\n&#8211; Temeljitost i ugoda na ko\u017ei: dermatolo\u0161ki testirana fleksibilna glava SensoFlex i o\u0161trice SensoFoil dizajnirane su za smanjenje pritiska na osjetljivu ko\u017eu.<br \/>\n&#8211; U\u010dinkovito \u010dak i na gustim bradama: AutoSense tehnologija analizira va\u0161u bradu i prilago\u0111ava ja\u010dinu njezinoj gusto\u0107i kako bi uhvatila i odrezala vi\u0161e dla\u010dica sa svakim brijanjem<br \/>\n&#8211; Li-ion baterija omogu\u0107uje do tri tjedna brijanja (50 minuta). 5-minutno brzo punjenje za jedno brijanje.<br \/>\n&#8211; 100% vodootporan elektri\u010dni aparat za brijanje za mokro i suho kori\u0161tenje<br \/>\n&#8211; Uklju\u010duje trimer za bradu od 0,5 mm do 7 mm duljine.<\/p>\n","protected":false},"excerpt":{"rendered":"<p>Temeljitost i ugoda na ko\u017ei zahvaljuju\u0107i SensoFlex mekanoj glavi.<br \/>\nLitij-ionska baterija pru\u017ea do 3 tjedna brijanja<br \/>\n100% vodootporan elektri\u010dni aparat za brijanje za mokro i suho kori\u0161tenje.<\/p>\n","protected":false},"featured_media":0,"template":"","meta":{"_seopress_robots_primary_cat":"","_seopress_titles_title":"","_seopress_titles_desc":"","_seopress_robots_index":"","iawp_total_views":0},"product_brand":[144],"product_cat":[280,192,279],"product_tag":[],"class_list":{"0":"post-42171","1":"product","2":"type-product","3":"status-publish","5":"product_brand-braun","6":"product_cat-aparati-za-muskarce-279","7":"product_cat-aparati-za-osobnu-njegu","8":"product_cat-brijanje-i-sisanje-192","10":"first","11":"instock","12":"shipping-taxable","13":"purchasable","14":"product-type-simple"},"_links":{"self":[{"href":"https:\/\/singuli.wpress.me\/index.php\/wp-json\/wp\/v2\/product\/42171","targetHints":{"allow":["GET"]}}],"collection":[{"href":"https:\/\/singuli.wpress.me\/index.php\/wp-json\/wp\/v2\/product"}],"about":[{"href":"https:\/\/singuli.wpress.me\/index.php\/wp-json\/wp\/v2\/types\/product"}],"version-history":[{"count":0,"href":"https:\/\/singuli.wpress.me\/index.php\/wp-json\/wp\/v2\/product\/42171\/revisions"}],"wp:attachment":[{"href":"https:\/\/singuli.wpress.me\/index.php\/wp-json\/wp\/v2\/media?parent=42171"}],"wp:term":[{"taxonomy":"product_brand","embeddable":true,"href":"https:\/\/singuli.wpress.me\/index.php\/wp-json\/wp\/v2\/product_brand?post=42171"},{"taxonomy":"product_cat","embeddable":true,"href":"https:\/\/singuli.wpress.me\/index.php\/wp-json\/wp\/v2\/product_cat?post=42171"},{"taxonomy":"product_tag","embeddable":true,"href":"https:\/\/singuli.wpress.me\/index.php\/wp-json\/wp\/v2\/product_tag?post=42171"}],"curies":[{"name":"wp","href":"https:\/\/api.w.org\/{rel}","templated":true}]}}