{"id":42174,"date":"2026-04-19T15:26:07","date_gmt":"2026-04-19T15:26:07","guid":{"rendered":"https:\/\/singuli.wpress.me\/index.php\/proizvod\/oral-b-kids-zubna-pasta-3-god-75-ml\/"},"modified":"2026-04-20T12:33:43","modified_gmt":"2026-04-20T12:33:43","slug":"oral-b-kids-zubna-pasta-3-god-75-ml","status":"publish","type":"product","link":"https:\/\/singuli.wpress.me\/index.php\/proizvod\/oral-b-kids-zubna-pasta-3-god-75-ml\/","title":{"rendered":"ORAL-B Kids, zubna pasta, 3+ god, 75\u00a0ml"},"content":{"rendered":"<p>Zubna pasta Oral-B Kids s likovima iz crti\u0107a &quot;Snje\u017eno kraljevstvo&quot; i &quot;Auti&quot; osmi\u0161ljena je u suradnji sa stomatolozima, na temelju njihovih stru\u010dnih saznanja, za zdravu usnu \u0161upljinu i sna\u017ene zube uz redovito pranje. <\/p>\n<p>\u0160titi zube od kiselina iz \u0161e\u0107era u svakodnevnoj hrani. <\/p>\n<p>Njezin blag okus idealan je za djecu starosti od 3 godine nadalje. <\/p>\n<p>Nije mogu\u0107e odabrati dizajn s to\u010dno odre\u0111enim likom za isporuku.<\/p>\n","protected":false},"excerpt":{"rendered":"<p>Idealna za djecu starosti od 3 godine nadalje<br \/>\n\u0160titi zube od kiselina iz \u0161e\u0107era u svakodnevnoj hrani<br \/>\nZubna pasta bez \u0161e\u0107era<\/p>\n","protected":false},"featured_media":0,"template":"","meta":{"_seopress_robots_primary_cat":"","_seopress_titles_title":"","_seopress_titles_desc":"","_seopress_robots_index":"","iawp_total_views":0},"product_brand":[423],"product_cat":[268,309,320],"product_tag":[],"class_list":{"0":"post-42174","1":"product","2":"type-product","3":"status-publish","5":"product_brand-oral-b-2","6":"product_cat-kozmetika-2","7":"product_cat-oralna-higijena-268","8":"product_cat-paste-za-zube-309","10":"first","11":"outofstock","12":"shipping-taxable","13":"purchasable","14":"product-type-simple"},"_links":{"self":[{"href":"https:\/\/singuli.wpress.me\/index.php\/wp-json\/wp\/v2\/product\/42174","targetHints":{"allow":["GET"]}}],"collection":[{"href":"https:\/\/singuli.wpress.me\/index.php\/wp-json\/wp\/v2\/product"}],"about":[{"href":"https:\/\/singuli.wpress.me\/index.php\/wp-json\/wp\/v2\/types\/product"}],"version-history":[{"count":0,"href":"https:\/\/singuli.wpress.me\/index.php\/wp-json\/wp\/v2\/product\/42174\/revisions"}],"wp:attachment":[{"href":"https:\/\/singuli.wpress.me\/index.php\/wp-json\/wp\/v2\/media?parent=42174"}],"wp:term":[{"taxonomy":"product_brand","embeddable":true,"href":"https:\/\/singuli.wpress.me\/index.php\/wp-json\/wp\/v2\/product_brand?post=42174"},{"taxonomy":"product_cat","embeddable":true,"href":"https:\/\/singuli.wpress.me\/index.php\/wp-json\/wp\/v2\/product_cat?post=42174"},{"taxonomy":"product_tag","embeddable":true,"href":"https:\/\/singuli.wpress.me\/index.php\/wp-json\/wp\/v2\/product_tag?post=42174"}],"curies":[{"name":"wp","href":"https:\/\/api.w.org\/{rel}","templated":true}]}}