{"id":42175,"date":"2026-04-19T15:26:07","date_gmt":"2026-04-19T15:26:07","guid":{"rendered":"https:\/\/singuli.wpress.me\/index.php\/proizvod\/dash-regular-praskasti-deterdzent-6-1kg-122-pranja\/"},"modified":"2026-04-20T12:33:43","modified_gmt":"2026-04-20T12:33:43","slug":"dash-regular-praskasti-deterdzent-6-1kg-122-pranja","status":"publish","type":"product","link":"https:\/\/singuli.wpress.me\/index.php\/proizvod\/dash-regular-praskasti-deterdzent-6-1kg-122-pranja\/","title":{"rendered":"DASH Regular, pra\u0161kasti deterd\u017eent, 6.1kg, 122\u00a0pranja"},"content":{"rendered":"<p>Deterd\u017eent za pranje rublja Dash poma\u017ee vam da se rije\u0161ite i najtvrdokornije prljav\u0161tine bez obzira perete li rublje ru\u010dno ili u perilici rublja. <\/p>\n<p>Prah se potpuno otapa i prodire duboko u vlakna zahvaljuju\u0107i jedinstvenoj recepturi koja poma\u017ee u postizanju idealne \u010disto\u0107e i blistave bjeline. <\/p>\n<p>Jednostavno ga stavite u ladicu za deterd\u017eent i gledajte \u0161to se doga\u0111a. <\/p>\n<p>Isprobajte ga na tvrdokornoj prljav\u0161tini za dubinsko \u010di\u0161\u0107enje jednim pranjem.<\/p>\n","protected":false},"excerpt":{"rendered":"<p>Deterd\u017eent za dubinsko pranje rublja<br \/>\nFormula koja ne ostavlja tragove na rublju<br \/>\nJam\u010di blistavo bijelu boju<\/p>\n","protected":false},"featured_media":0,"template":"","meta":{"_seopress_robots_primary_cat":"","_seopress_titles_title":"","_seopress_titles_desc":"","_seopress_robots_index":"","iawp_total_views":0},"product_brand":[762],"product_cat":[283,238],"product_tag":[],"class_list":{"0":"post-42175","1":"product","2":"type-product","3":"status-publish","5":"product_brand-dash","6":"product_cat-pranje-rublja-238","7":"product_cat-sve-za-dom","9":"first","10":"outofstock","11":"shipping-taxable","12":"purchasable","13":"product-type-simple"},"_links":{"self":[{"href":"https:\/\/singuli.wpress.me\/index.php\/wp-json\/wp\/v2\/product\/42175","targetHints":{"allow":["GET"]}}],"collection":[{"href":"https:\/\/singuli.wpress.me\/index.php\/wp-json\/wp\/v2\/product"}],"about":[{"href":"https:\/\/singuli.wpress.me\/index.php\/wp-json\/wp\/v2\/types\/product"}],"version-history":[{"count":0,"href":"https:\/\/singuli.wpress.me\/index.php\/wp-json\/wp\/v2\/product\/42175\/revisions"}],"wp:attachment":[{"href":"https:\/\/singuli.wpress.me\/index.php\/wp-json\/wp\/v2\/media?parent=42175"}],"wp:term":[{"taxonomy":"product_brand","embeddable":true,"href":"https:\/\/singuli.wpress.me\/index.php\/wp-json\/wp\/v2\/product_brand?post=42175"},{"taxonomy":"product_cat","embeddable":true,"href":"https:\/\/singuli.wpress.me\/index.php\/wp-json\/wp\/v2\/product_cat?post=42175"},{"taxonomy":"product_tag","embeddable":true,"href":"https:\/\/singuli.wpress.me\/index.php\/wp-json\/wp\/v2\/product_tag?post=42175"}],"curies":[{"name":"wp","href":"https:\/\/api.w.org\/{rel}","templated":true}]}}