{"id":42177,"date":"2026-04-19T15:26:08","date_gmt":"2026-04-19T15:26:08","guid":{"rendered":"https:\/\/singuli.wpress.me\/index.php\/proizvod\/make-it-real-narukvice-blocknrock-2\/"},"modified":"2026-04-20T12:33:43","modified_gmt":"2026-04-20T12:33:43","slug":"make-it-real-narukvice-blocknrock-2","status":"publish","type":"product","link":"https:\/\/singuli.wpress.me\/index.php\/proizvod\/make-it-real-narukvice-blocknrock-2\/","title":{"rendered":"MAKE IT REAL, narukvice, Block`n`rock"},"content":{"rendered":"<p>DIY set za narukvice! Napravi ukupno 4 totalno cool narukvice koje \u0107e re\u0107i \u0161to god po\u017eeli\u0161! Iskoristi perlice sa slovima, ukrasne perlice i simpati\u010dne privjeske!<\/p>\n<p>SADR\u017dAJ: 60 perlica sa slovima, 70 ukrasnih perlica, 2 privjeska, prozirna elasti\u010dna traka, spojni prsteni, upute, podloga za stvaranje narukvica.<\/p>\n<p>DOB 8+<\/p>\n","protected":false},"excerpt":{"rendered":"<p>Kreativan set<br \/>\nSadr\u017ei vi\u0161e komponenti<br \/>\nDob: 8+god<\/p>\n","protected":false},"featured_media":0,"template":"","meta":{"_seopress_robots_primary_cat":"","_seopress_titles_title":"","_seopress_titles_desc":"","_seopress_robots_index":"","iawp_total_views":0},"product_brand":[441],"product_cat":[221,291],"product_tag":[],"class_list":{"0":"post-42177","1":"product","2":"type-product","3":"status-publish","5":"product_brand-make-it-real","6":"product_cat-igracke","7":"product_cat-igracke-za-djecu-221","9":"first","10":"instock","11":"shipping-taxable","12":"purchasable","13":"product-type-simple"},"_links":{"self":[{"href":"https:\/\/singuli.wpress.me\/index.php\/wp-json\/wp\/v2\/product\/42177","targetHints":{"allow":["GET"]}}],"collection":[{"href":"https:\/\/singuli.wpress.me\/index.php\/wp-json\/wp\/v2\/product"}],"about":[{"href":"https:\/\/singuli.wpress.me\/index.php\/wp-json\/wp\/v2\/types\/product"}],"version-history":[{"count":0,"href":"https:\/\/singuli.wpress.me\/index.php\/wp-json\/wp\/v2\/product\/42177\/revisions"}],"wp:attachment":[{"href":"https:\/\/singuli.wpress.me\/index.php\/wp-json\/wp\/v2\/media?parent=42177"}],"wp:term":[{"taxonomy":"product_brand","embeddable":true,"href":"https:\/\/singuli.wpress.me\/index.php\/wp-json\/wp\/v2\/product_brand?post=42177"},{"taxonomy":"product_cat","embeddable":true,"href":"https:\/\/singuli.wpress.me\/index.php\/wp-json\/wp\/v2\/product_cat?post=42177"},{"taxonomy":"product_tag","embeddable":true,"href":"https:\/\/singuli.wpress.me\/index.php\/wp-json\/wp\/v2\/product_tag?post=42177"}],"curies":[{"name":"wp","href":"https:\/\/api.w.org\/{rel}","templated":true}]}}