{"id":42185,"date":"2026-04-19T15:26:12","date_gmt":"2026-04-19T15:26:12","guid":{"rendered":"https:\/\/singuli.wpress.me\/index.php\/proizvod\/headshoulders-deep-cleanse-sub-zero-feel-icy-menthol-sampon-protiv-peruti-300-ml\/"},"modified":"2026-04-20T12:33:44","modified_gmt":"2026-04-20T12:33:44","slug":"headshoulders-deep-cleanse-sub-zero-feel-icy-menthol-sampon-protiv-peruti-300-ml","status":"publish","type":"product","link":"https:\/\/singuli.wpress.me\/index.php\/proizvod\/headshoulders-deep-cleanse-sub-zero-feel-icy-menthol-sampon-protiv-peruti-300-ml\/","title":{"rendered":"HEAD&amp;SHOULDERS Deep Cleanse Sub Zero Feel &#8211; Icy Menthol, \u0161ampon protiv peruti, 300\u00a0ml"},"content":{"rendered":"<p>Nova kolekcija Head&amp;Shoulders Sub Zero s ledenim mentolom savr\u0161en je izbor za ovo ljeto: hladi vlasi\u0161te, uklanja ljuskice i masno\u0107u i za sobom ne ostavlja ni\u0161ta do \u010diste svje\u017eine. <\/p>\n<p>Prozirne bo\u010dice izra\u0111ene od reciklirane plastike u potpunosti se mogu reciklirati, \u0161to zna\u010di da ni iza njih ne ostaje ni\u0161ta.<\/p>\n","protected":false},"excerpt":{"rendered":"<p>Bori se protiv masno\u0107e i suho\u0107e<br \/>\nBez silikona, s uravnote\u017eenim pH, oboga\u0107eno antioksidansima<br \/>\nProzirna bo\u010dica od reciklirane plastike mo\u017ee se reciklirati (osim \u010depa i etikete)<\/p>\n","protected":false},"featured_media":0,"template":"","meta":{"_seopress_robots_primary_cat":"","_seopress_titles_title":"","_seopress_titles_desc":"","_seopress_robots_index":"","iawp_total_views":0},"product_brand":[443],"product_cat":[268,300],"product_tag":[],"class_list":{"0":"post-42185","1":"product","2":"type-product","3":"status-publish","5":"product_brand-headshoulders","6":"product_cat-kozmetika-2","7":"product_cat-njega-kose-268","9":"first","10":"outofstock","11":"shipping-taxable","12":"purchasable","13":"product-type-simple"},"_links":{"self":[{"href":"https:\/\/singuli.wpress.me\/index.php\/wp-json\/wp\/v2\/product\/42185","targetHints":{"allow":["GET"]}}],"collection":[{"href":"https:\/\/singuli.wpress.me\/index.php\/wp-json\/wp\/v2\/product"}],"about":[{"href":"https:\/\/singuli.wpress.me\/index.php\/wp-json\/wp\/v2\/types\/product"}],"version-history":[{"count":0,"href":"https:\/\/singuli.wpress.me\/index.php\/wp-json\/wp\/v2\/product\/42185\/revisions"}],"wp:attachment":[{"href":"https:\/\/singuli.wpress.me\/index.php\/wp-json\/wp\/v2\/media?parent=42185"}],"wp:term":[{"taxonomy":"product_brand","embeddable":true,"href":"https:\/\/singuli.wpress.me\/index.php\/wp-json\/wp\/v2\/product_brand?post=42185"},{"taxonomy":"product_cat","embeddable":true,"href":"https:\/\/singuli.wpress.me\/index.php\/wp-json\/wp\/v2\/product_cat?post=42185"},{"taxonomy":"product_tag","embeddable":true,"href":"https:\/\/singuli.wpress.me\/index.php\/wp-json\/wp\/v2\/product_tag?post=42185"}],"curies":[{"name":"wp","href":"https:\/\/api.w.org\/{rel}","templated":true}]}}