{"id":42188,"date":"2026-04-19T15:26:14","date_gmt":"2026-04-19T15:26:14","guid":{"rendered":"https:\/\/singuli.wpress.me\/index.php\/proizvod\/revlon-one-step-volumiser-salon-cetka-za-kosu-2u1-mint\/"},"modified":"2026-04-20T12:33:44","modified_gmt":"2026-04-20T12:33:44","slug":"revlon-one-step-volumiser-salon-cetka-za-kosu-2u1-mint","status":"publish","type":"product","link":"https:\/\/singuli.wpress.me\/index.php\/proizvod\/revlon-one-step-volumiser-salon-cetka-za-kosu-2u1-mint\/","title":{"rendered":"REVLON One-Step Volumiser, salon \u010detka za kosu 2u1, mint"},"content":{"rendered":"<p>Revlon Volumizer ure\u0111aj za oblikovanje kose mo\u017ee se pohvaliti inovativnom mje\u0161avinom \u010dekinja koje pru\u017eaju vi\u0161e volumena i gla\u0111u kosu. \u010cetka s ionskom tehnologijom osigurava brzo i ravnomjerno su\u0161enje kose. Ima ergonomski oblikovanu ru\u010dku i hladan vrh. <br \/>\nPoseban ovalni oblik \u010detke idealan je za gla\u010danje kose. Stvara prekrasan volumen pri korijenu i prekrasno uvija vrhove. Sve \u0161to vam treba za valovitu frizuru!<br \/>\nDizajn \u010detke omogu\u0107uje brzu i ravnomjernu raspodjelu zraka po kosi, \u0161to rezultira br\u017eim su\u0161enjem i stiliziranjem, uz manje \u0161tete od topline.<br \/>\nProtok zraka kroz \u010detku zasi\u0107en je negativnim ionima koji smanjuju veli\u010dinu kapljica vode i ubrzavaju su\u0161enje. To kosu \u010dini sjajnijom i glatkom. Me\u0111utim, smanjuje se i u\u010dinak elektrifikacije.<br \/>\nKist ima kerami\u010dki premaz koji osigurava ravnomjernu raspodjelu topline i manje o\u0161te\u0107enja<\/p>\n","protected":false},"excerpt":{"rendered":"<p>Dizajn \u010detke omogu\u0107uje brzu i ravnomjernu raspodjelu zraka kroz kosu<br \/>\nNajlonske \u010dekinje sa sfernim vrhovima osiguravaju nje\u017eno ra\u0161\u010de\u0161ljavanje kose<br \/>\nS kerami\u010dkim premazom koji osigurava ravnomjernu raspodjelu topline i manje o\u0161te\u0107enja<\/p>\n","protected":false},"featured_media":0,"template":"","meta":{"_seopress_robots_primary_cat":"","_seopress_titles_title":"","_seopress_titles_desc":"","_seopress_robots_index":"","iawp_total_views":0},"product_brand":[155],"product_cat":[322,268,321],"product_tag":[],"class_list":{"0":"post-42188","1":"product","2":"type-product","3":"status-publish","5":"product_brand-revlon","6":"product_cat-cetke-za-kosu-321","7":"product_cat-kozmetika-2","8":"product_cat-njega-za-zene-268","10":"first","11":"instock","12":"shipping-taxable","13":"purchasable","14":"product-type-simple"},"_links":{"self":[{"href":"https:\/\/singuli.wpress.me\/index.php\/wp-json\/wp\/v2\/product\/42188","targetHints":{"allow":["GET"]}}],"collection":[{"href":"https:\/\/singuli.wpress.me\/index.php\/wp-json\/wp\/v2\/product"}],"about":[{"href":"https:\/\/singuli.wpress.me\/index.php\/wp-json\/wp\/v2\/types\/product"}],"version-history":[{"count":0,"href":"https:\/\/singuli.wpress.me\/index.php\/wp-json\/wp\/v2\/product\/42188\/revisions"}],"wp:attachment":[{"href":"https:\/\/singuli.wpress.me\/index.php\/wp-json\/wp\/v2\/media?parent=42188"}],"wp:term":[{"taxonomy":"product_brand","embeddable":true,"href":"https:\/\/singuli.wpress.me\/index.php\/wp-json\/wp\/v2\/product_brand?post=42188"},{"taxonomy":"product_cat","embeddable":true,"href":"https:\/\/singuli.wpress.me\/index.php\/wp-json\/wp\/v2\/product_cat?post=42188"},{"taxonomy":"product_tag","embeddable":true,"href":"https:\/\/singuli.wpress.me\/index.php\/wp-json\/wp\/v2\/product_tag?post=42188"}],"curies":[{"name":"wp","href":"https:\/\/api.w.org\/{rel}","templated":true}]}}