{"id":42192,"date":"2026-04-19T15:26:15","date_gmt":"2026-04-19T15:26:15","guid":{"rendered":"https:\/\/singuli.wpress.me\/index.php\/proizvod\/dr-oetker-ciobar-bijela-cokolada-125-g\/"},"modified":"2026-04-20T12:33:44","modified_gmt":"2026-04-20T12:33:44","slug":"dr-oetker-ciobar-bijela-cokolada-125-g","status":"publish","type":"product","link":"https:\/\/singuli.wpress.me\/index.php\/proizvod\/dr-oetker-ciobar-bijela-cokolada-125-g\/","title":{"rendered":"DR. OETKER Ciobar, bijela \u010dokolada, 125\u00a0g"},"content":{"rendered":"<p>Izvorna talijanska receptura \u010dini Ciobar vru\u0107u \u010dokoladu jedinstvenom. <\/p>\n<p>Priprema je brza i jednostavna kod ku\u0107e \u2013 a okus je kao u najboljem talijanskom kafi\u0107u: gust kremast u\u017eitak bijele \u010dokolade. I to za cijelu obitelj i prijatelje! <\/p>\n<p>Proizvod mo\u017eete prona\u0107i u pojedina\u010dnom pakiranju i u ekonomi\u010dnom pakiranju od 5 komada.<\/p>\n<p>Skladi\u0161tenje:\u00a0\u010cuvati na hladnom i suhom<\/p>\n","protected":false},"excerpt":{"rendered":"<p>Izvorna talijanska receptura<br \/>\nPriprema brza i jednostavna<br \/>\nEkonomi\u010dno pakiranje<\/p>\n","protected":false},"featured_media":0,"template":"","meta":{"_seopress_robots_primary_cat":"","_seopress_titles_title":"","_seopress_titles_desc":"","_seopress_robots_index":"","iawp_total_views":0},"product_brand":[328],"product_cat":[261,275],"product_tag":[],"class_list":{"0":"post-42192","1":"product","2":"type-product","3":"status-publish","5":"product_brand-dr-oetker","6":"product_cat-hrana-i-pice","7":"product_cat-kava-i-cajevi-261","9":"first","10":"outofstock","11":"shipping-taxable","12":"purchasable","13":"product-type-simple"},"_links":{"self":[{"href":"https:\/\/singuli.wpress.me\/index.php\/wp-json\/wp\/v2\/product\/42192","targetHints":{"allow":["GET"]}}],"collection":[{"href":"https:\/\/singuli.wpress.me\/index.php\/wp-json\/wp\/v2\/product"}],"about":[{"href":"https:\/\/singuli.wpress.me\/index.php\/wp-json\/wp\/v2\/types\/product"}],"version-history":[{"count":0,"href":"https:\/\/singuli.wpress.me\/index.php\/wp-json\/wp\/v2\/product\/42192\/revisions"}],"wp:attachment":[{"href":"https:\/\/singuli.wpress.me\/index.php\/wp-json\/wp\/v2\/media?parent=42192"}],"wp:term":[{"taxonomy":"product_brand","embeddable":true,"href":"https:\/\/singuli.wpress.me\/index.php\/wp-json\/wp\/v2\/product_brand?post=42192"},{"taxonomy":"product_cat","embeddable":true,"href":"https:\/\/singuli.wpress.me\/index.php\/wp-json\/wp\/v2\/product_cat?post=42192"},{"taxonomy":"product_tag","embeddable":true,"href":"https:\/\/singuli.wpress.me\/index.php\/wp-json\/wp\/v2\/product_tag?post=42192"}],"curies":[{"name":"wp","href":"https:\/\/api.w.org\/{rel}","templated":true}]}}