{"id":42193,"date":"2026-04-19T15:26:16","date_gmt":"2026-04-19T15:26:16","guid":{"rendered":"https:\/\/singuli.wpress.me\/index.php\/proizvod\/disney-plisana-igracka-mickey-large\/"},"modified":"2026-04-20T12:33:44","modified_gmt":"2026-04-20T12:33:44","slug":"disney-plisana-igracka-mickey-large","status":"publish","type":"product","link":"https:\/\/singuli.wpress.me\/index.php\/proizvod\/disney-plisana-igracka-mickey-large\/","title":{"rendered":"DISNEY, pli\u0161ana igra\u010dka, Mickey -large"},"content":{"rendered":"<p>Novi predivni Disney pli\u0161, mekan i neodoljiv za sve generacije!<\/p>\n<p>Veliki Mickey veli\u010dine 43 cm izra\u0111en od najkvalitetnijih materijala i prikladan za djecu od najranije dobi.<\/p>\n<p>Dob: 0+<\/p>\n","protected":false},"excerpt":{"rendered":"<p>Disney pli\u0161ana igra\u010dka<br \/>\nPopularni Mickey<br \/>\nVeli\u010dina igra\u010dke 43cm<\/p>\n","protected":false},"featured_media":0,"template":"","meta":{"_seopress_robots_primary_cat":"","_seopress_titles_title":"","_seopress_titles_desc":"","_seopress_robots_index":"","iawp_total_views":0},"product_brand":[522],"product_cat":[221,291],"product_tag":[],"class_list":{"0":"post-42193","1":"product","2":"type-product","3":"status-publish","5":"product_brand-disney","6":"product_cat-igracke","7":"product_cat-igracke-za-djecu-221","9":"first","10":"instock","11":"shipping-taxable","12":"purchasable","13":"product-type-simple"},"_links":{"self":[{"href":"https:\/\/singuli.wpress.me\/index.php\/wp-json\/wp\/v2\/product\/42193","targetHints":{"allow":["GET"]}}],"collection":[{"href":"https:\/\/singuli.wpress.me\/index.php\/wp-json\/wp\/v2\/product"}],"about":[{"href":"https:\/\/singuli.wpress.me\/index.php\/wp-json\/wp\/v2\/types\/product"}],"version-history":[{"count":0,"href":"https:\/\/singuli.wpress.me\/index.php\/wp-json\/wp\/v2\/product\/42193\/revisions"}],"wp:attachment":[{"href":"https:\/\/singuli.wpress.me\/index.php\/wp-json\/wp\/v2\/media?parent=42193"}],"wp:term":[{"taxonomy":"product_brand","embeddable":true,"href":"https:\/\/singuli.wpress.me\/index.php\/wp-json\/wp\/v2\/product_brand?post=42193"},{"taxonomy":"product_cat","embeddable":true,"href":"https:\/\/singuli.wpress.me\/index.php\/wp-json\/wp\/v2\/product_cat?post=42193"},{"taxonomy":"product_tag","embeddable":true,"href":"https:\/\/singuli.wpress.me\/index.php\/wp-json\/wp\/v2\/product_tag?post=42193"}],"curies":[{"name":"wp","href":"https:\/\/api.w.org\/{rel}","templated":true}]}}