{"id":42194,"date":"2026-04-19T15:26:16","date_gmt":"2026-04-19T15:26:16","guid":{"rendered":"https:\/\/singuli.wpress.me\/index.php\/proizvod\/bissell-crosswave-zamjenski-filter\/"},"modified":"2026-04-20T12:33:44","modified_gmt":"2026-04-20T12:33:44","slug":"bissell-crosswave-zamjenski-filter","status":"publish","type":"product","link":"https:\/\/singuli.wpress.me\/index.php\/proizvod\/bissell-crosswave-zamjenski-filter\/","title":{"rendered":"BISSELL CrossWave, zamjenski filter"},"content":{"rendered":"<p>Zamijenite filtar svakih 6 mjeseci ili ovisno o kori\u0161tenju. Lako se postavlja i mijenja.<\/p>\n<p>Zamjenski vakuumski filter za Bissell CrossWave seriju. Prikladno za kori\u0161tenje sa:<br \/>\n&#8211; CrossWave (17132)<br \/>\n&#8211; CrossWave Pet Pro (2225N)<br \/>\n&#8211; CrossWave be\u017ei\u010dni (2582N)<\/p>\n<p>Glavne zna\u010dajke:<br \/>\n&#8211; Jednostavan za umetanje i zamjenu<br \/>\n&#8211; Kako bi va\u0161 BISSELL CrossWave radio \u0161to bolje, filtar treba redovito \u010distiti i provjeravati.<br \/>\n&#8211; Pravilno odr\u017eavani filtri poma\u017eu u smanjenju ponovnog uno\u0161enja pra\u0161ine, peludi i drugih alergena u zrak<br \/>\n&#8211; Zamijenite filtar svakih 6 mjeseci, ovisno o upotrebi<\/p>\n","protected":false},"excerpt":{"rendered":"<p>Zamijenite filter svakih 6 mjeseci<br \/>\nJednostavan za umetanje i zamjenu<br \/>\nZamjenski vakuumski filter za Bissell CrossWave seriju<\/p>\n","protected":false},"featured_media":0,"template":"","meta":{"_seopress_robots_primary_cat":"","_seopress_titles_title":"","_seopress_titles_desc":"","_seopress_robots_index":"","iawp_total_views":0},"product_brand":[819],"product_cat":[160,271],"product_tag":[],"class_list":{"0":"post-42194","1":"product","2":"type-product","3":"status-publish","5":"product_brand-bissell","6":"product_cat-mali-kucanski-aparati","7":"product_cat-usisavaci-i-ciscenje-160","9":"first","10":"outofstock","11":"shipping-taxable","12":"purchasable","13":"product-type-simple"},"_links":{"self":[{"href":"https:\/\/singuli.wpress.me\/index.php\/wp-json\/wp\/v2\/product\/42194","targetHints":{"allow":["GET"]}}],"collection":[{"href":"https:\/\/singuli.wpress.me\/index.php\/wp-json\/wp\/v2\/product"}],"about":[{"href":"https:\/\/singuli.wpress.me\/index.php\/wp-json\/wp\/v2\/types\/product"}],"version-history":[{"count":0,"href":"https:\/\/singuli.wpress.me\/index.php\/wp-json\/wp\/v2\/product\/42194\/revisions"}],"wp:attachment":[{"href":"https:\/\/singuli.wpress.me\/index.php\/wp-json\/wp\/v2\/media?parent=42194"}],"wp:term":[{"taxonomy":"product_brand","embeddable":true,"href":"https:\/\/singuli.wpress.me\/index.php\/wp-json\/wp\/v2\/product_brand?post=42194"},{"taxonomy":"product_cat","embeddable":true,"href":"https:\/\/singuli.wpress.me\/index.php\/wp-json\/wp\/v2\/product_cat?post=42194"},{"taxonomy":"product_tag","embeddable":true,"href":"https:\/\/singuli.wpress.me\/index.php\/wp-json\/wp\/v2\/product_tag?post=42194"}],"curies":[{"name":"wp","href":"https:\/\/api.w.org\/{rel}","templated":true}]}}