{"id":42201,"date":"2026-04-19T15:26:18","date_gmt":"2026-04-19T15:26:18","guid":{"rendered":"https:\/\/singuli.wpress.me\/index.php\/proizvod\/oscar-omeksivac-vode-oscar-150-50-kom\/"},"modified":"2026-04-20T12:33:44","modified_gmt":"2026-04-20T12:33:44","slug":"oscar-omeksivac-vode-oscar-150-50-kom","status":"publish","type":"product","link":"https:\/\/singuli.wpress.me\/index.php\/proizvod\/oscar-omeksivac-vode-oscar-150-50-kom\/","title":{"rendered":"OSCAR, omek\u0161iva\u010d vode, Oscar 150, 50\u00a0kom"},"content":{"rendered":"<p>Omek\u0161iva\u010di vode namjenjeni su za jednokratnu uporabu (godinu dana ili odre\u0111en broj litara vode). <\/p>\n<p>Posebna mje\u0161avina smola garantira apsolutne bakteriolo\u0161ke uvjete u ure\u0111aju.   <\/p>\n<p>Omek\u0161iva\u010di vode <span style=\"font-weight: bold\">OSCAR 150<\/span> inovativni su ure\u0111aji koji se upotrebljavaju u malim aparatima za ku\u0107anstva, urede, barove i slu\u017ee za uklanjanje kamenca.<\/p>\n","protected":false},"excerpt":{"rendered":"<p>Namjenjeni su za jednokratnu uporabu<br \/>\nPosebna mje\u0161avina smola<br \/>\nInovativni ure\u0111aj<\/p>\n","protected":false},"featured_media":0,"template":"","meta":{"_seopress_robots_primary_cat":"","_seopress_titles_title":"","_seopress_titles_desc":"","_seopress_robots_index":"","iawp_total_views":0},"product_brand":[876],"product_cat":[192,267],"product_tag":[],"class_list":{"0":"post-42201","1":"product","2":"type-product","3":"status-publish","5":"product_brand-oscar","6":"product_cat-aparati-za-osobnu-njegu","7":"product_cat-zdravstveni-uredaji-192","9":"first","10":"instock","11":"shipping-taxable","12":"purchasable","13":"product-type-simple"},"_links":{"self":[{"href":"https:\/\/singuli.wpress.me\/index.php\/wp-json\/wp\/v2\/product\/42201","targetHints":{"allow":["GET"]}}],"collection":[{"href":"https:\/\/singuli.wpress.me\/index.php\/wp-json\/wp\/v2\/product"}],"about":[{"href":"https:\/\/singuli.wpress.me\/index.php\/wp-json\/wp\/v2\/types\/product"}],"version-history":[{"count":0,"href":"https:\/\/singuli.wpress.me\/index.php\/wp-json\/wp\/v2\/product\/42201\/revisions"}],"wp:attachment":[{"href":"https:\/\/singuli.wpress.me\/index.php\/wp-json\/wp\/v2\/media?parent=42201"}],"wp:term":[{"taxonomy":"product_brand","embeddable":true,"href":"https:\/\/singuli.wpress.me\/index.php\/wp-json\/wp\/v2\/product_brand?post=42201"},{"taxonomy":"product_cat","embeddable":true,"href":"https:\/\/singuli.wpress.me\/index.php\/wp-json\/wp\/v2\/product_cat?post=42201"},{"taxonomy":"product_tag","embeddable":true,"href":"https:\/\/singuli.wpress.me\/index.php\/wp-json\/wp\/v2\/product_tag?post=42201"}],"curies":[{"name":"wp","href":"https:\/\/api.w.org\/{rel}","templated":true}]}}