{"id":42203,"date":"2026-04-19T15:26:19","date_gmt":"2026-04-19T15:26:19","guid":{"rendered":"https:\/\/singuli.wpress.me\/index.php\/proizvod\/herbal-essences-maska-za-kosu-avocado-oil-aloe-380-ml\/"},"modified":"2026-04-20T12:33:44","modified_gmt":"2026-04-20T12:33:44","slug":"herbal-essences-maska-za-kosu-avocado-oil-aloe-380-ml","status":"publish","type":"product","link":"https:\/\/singuli.wpress.me\/index.php\/proizvod\/herbal-essences-maska-za-kosu-avocado-oil-aloe-380-ml\/","title":{"rendered":"HERBAL ESSENCES, maska za kosu, Avocado Oil &amp; Aloe, 380\u00a0ml"},"content":{"rendered":"<p>Herbal Essences hranjiva maska za kosu s uljem avokada i aloe verom prodire duboko i hidratizira vrlo suhu kosu i otkriva njezinu prirodnu ljepotu. Kosa je mek\u0161a i gla\u0111a. <\/p>\n<p>Herbal Essences vjeruje u nutritivnu mo\u0107 biljaka. Njeguju\u0107e, bogate formule oboga\u0107ene su \u010distim biljnim esencijama i nutrijentima na biljnoj bazi te dolaze u ekolo\u0161kim pakiranjima. <\/p>\n<p>Otkrijte najbolje izdanje svoje kose i veselite se dok istovremeno \u0161titite i planet.<\/p>\n","protected":false},"excerpt":{"rendered":"<p>2 x vi\u0161e njege u jednoj primjeni<br \/>\n2 na\u010dina primjene; kao maska i kao balzam<br \/>\nVeganski proizvod, nije testirano na \u017eivotinjama, potvr\u0111uje PETA<\/p>\n","protected":false},"featured_media":0,"template":"","meta":{"_seopress_robots_primary_cat":"","_seopress_titles_title":"","_seopress_titles_desc":"","_seopress_robots_index":"","iawp_total_views":0},"product_brand":[483],"product_cat":[268,300],"product_tag":[],"class_list":{"0":"post-42203","1":"product","2":"type-product","3":"status-publish","5":"product_brand-herbal-essences","6":"product_cat-kozmetika-2","7":"product_cat-njega-kose-268","9":"first","10":"outofstock","11":"shipping-taxable","12":"purchasable","13":"product-type-simple"},"_links":{"self":[{"href":"https:\/\/singuli.wpress.me\/index.php\/wp-json\/wp\/v2\/product\/42203","targetHints":{"allow":["GET"]}}],"collection":[{"href":"https:\/\/singuli.wpress.me\/index.php\/wp-json\/wp\/v2\/product"}],"about":[{"href":"https:\/\/singuli.wpress.me\/index.php\/wp-json\/wp\/v2\/types\/product"}],"version-history":[{"count":0,"href":"https:\/\/singuli.wpress.me\/index.php\/wp-json\/wp\/v2\/product\/42203\/revisions"}],"wp:attachment":[{"href":"https:\/\/singuli.wpress.me\/index.php\/wp-json\/wp\/v2\/media?parent=42203"}],"wp:term":[{"taxonomy":"product_brand","embeddable":true,"href":"https:\/\/singuli.wpress.me\/index.php\/wp-json\/wp\/v2\/product_brand?post=42203"},{"taxonomy":"product_cat","embeddable":true,"href":"https:\/\/singuli.wpress.me\/index.php\/wp-json\/wp\/v2\/product_cat?post=42203"},{"taxonomy":"product_tag","embeddable":true,"href":"https:\/\/singuli.wpress.me\/index.php\/wp-json\/wp\/v2\/product_tag?post=42203"}],"curies":[{"name":"wp","href":"https:\/\/api.w.org\/{rel}","templated":true}]}}