{"id":42205,"date":"2026-04-19T15:26:20","date_gmt":"2026-04-19T15:26:20","guid":{"rendered":"https:\/\/singuli.wpress.me\/index.php\/proizvod\/aeroshell-fl-41-hidraulicko-ulje-4x5l-20-l\/"},"modified":"2026-04-20T12:33:44","modified_gmt":"2026-04-20T12:33:44","slug":"aeroshell-fl-41-hidraulicko-ulje-4x5l-20-l","status":"publish","type":"product","link":"https:\/\/singuli.wpress.me\/index.php\/proizvod\/aeroshell-fl-41-hidraulicko-ulje-4x5l-20-l\/","title":{"rendered":"AEROSHELL FL.41, hidrauli\u010dko ulje, 4x5l, 20\u00a0l"},"content":{"rendered":"<p><p><span style=\"font-weight: bold\">Mineralno hidrauli\u010dko ulje<\/span> visoke \u010disto\u0107e. Sadr\u017ei aditive koji mu omogu\u0107uju izvrsnu te\u010dljivost pri niskim temperaturama kao i iznimna antikorozivna, antioksidacijska svojstva i stabilnost. Raspon radne temperature bez pritiska je od -54\u2070C do 90\u2070C, a pod pritiskom izme\u0111u -54\u2070C i 135\u2070C. Fluid je crvene boje i koristi se u sustavima koji se sastoje od komponenata napravljenih od sinteti\u010dke, a ne prirodne gume.<\/p>\n<p><span style=\"font-weight: bold\">Specifikacija: <\/span>MIL-PRF-5606 H (U.S. i Evropa), DEF STAN 91-48 izuzetno \u010dista gradacija, COMAC odobrenje za QPL-CMS-OL-104, DCSEA 415\/A (francuska), zadovoljava DEF STAN 91-48 normalna gradcija, analogno AMG-10 (ruska), NATO Code H-515 (ekvivalent H-520 ), Joint Service Designation OM-15(ekvivalent OM-18)<\/p>\n<p><span style=\"font-weight: bold\">Sigurnosno upozorenje:<\/span><\/p>\n<p><img decoding=\"async\" src=\"https:\/\/prod-minio-orbico.nd0.pl\/orbico.ohr\/Piktogrami\/Zdravlje.png\" alt=\"Zdravlje\" style=\"max-width: 10%;height: auto\"><br \/>\n<img decoding=\"async\" src=\"https:\/\/prod-minio-orbico.nd0.pl\/orbico.ohr\/Piktogrami\/Pozor.png\" alt=\"Pozor\" style=\"max-width: 10%;height: auto\"><br \/>\n<img decoding=\"async\" src=\"https:\/\/prod-minio-orbico.nd0.pl\/orbico.ohr\/Piktogrami\/Okolis.png\" alt=\"Okolis\" style=\"max-width: 10%;height: auto\"><\/p>\n<p>&#8211; H304 &#8211; Mo\u017ee biti smrtonosno ako se proguta i u\u0111e u di\u0161ni sustav.<\/p>\n<p>&#8211; H315 &#8211; Nadra\u017euje ko\u017eu.<\/p>\n<p>&#8211; H332 &#8211; \u0160tetno ako se udi\u0161e.<\/p>\n<p>&#8211; H411 &#8211; Otrovno za vodeni okoli\u0161 s dugotrajnim u\u010dincima.<\/p>\n","protected":false},"excerpt":{"rendered":"<p>Hidrauli\u010dko ulje za zrakoplove<br \/>\nIzvrsna te\u010dljivost pri niskim temperaturama<br \/>\nCrvene boje<\/p>\n","protected":false},"featured_media":0,"template":"","meta":{"_seopress_robots_primary_cat":"","_seopress_titles_title":"","_seopress_titles_desc":"","_seopress_robots_index":"","iawp_total_views":0},"product_brand":[482],"product_cat":[221,263],"product_tag":[],"class_list":{"0":"post-42205","1":"product","2":"type-product","3":"status-publish","5":"product_brand-aeroshell","6":"product_cat-igracke","7":"product_cat-tematske-igracke-221","9":"first","10":"instock","11":"shipping-taxable","12":"purchasable","13":"product-type-simple"},"_links":{"self":[{"href":"https:\/\/singuli.wpress.me\/index.php\/wp-json\/wp\/v2\/product\/42205","targetHints":{"allow":["GET"]}}],"collection":[{"href":"https:\/\/singuli.wpress.me\/index.php\/wp-json\/wp\/v2\/product"}],"about":[{"href":"https:\/\/singuli.wpress.me\/index.php\/wp-json\/wp\/v2\/types\/product"}],"version-history":[{"count":0,"href":"https:\/\/singuli.wpress.me\/index.php\/wp-json\/wp\/v2\/product\/42205\/revisions"}],"wp:attachment":[{"href":"https:\/\/singuli.wpress.me\/index.php\/wp-json\/wp\/v2\/media?parent=42205"}],"wp:term":[{"taxonomy":"product_brand","embeddable":true,"href":"https:\/\/singuli.wpress.me\/index.php\/wp-json\/wp\/v2\/product_brand?post=42205"},{"taxonomy":"product_cat","embeddable":true,"href":"https:\/\/singuli.wpress.me\/index.php\/wp-json\/wp\/v2\/product_cat?post=42205"},{"taxonomy":"product_tag","embeddable":true,"href":"https:\/\/singuli.wpress.me\/index.php\/wp-json\/wp\/v2\/product_tag?post=42205"}],"curies":[{"name":"wp","href":"https:\/\/api.w.org\/{rel}","templated":true}]}}